{"id":4189,"date":"2022-03-15T16:58:10","date_gmt":"2022-03-15T16:58:10","guid":{"rendered":"https:\/\/sosmadisoninternational.org\/?page_id=4189"},"modified":"2022-03-15T17:17:15","modified_gmt":"2022-03-15T17:17:15","slug":"pourquoi-madison","status":"publish","type":"page","link":"https:\/\/sosmadisoninternational.org\/fr\/pourquoi-madison\/","title":{"rendered":"Pourquoi Madison ?"},"content":{"rendered":"\t\t<div data-elementor-type=\"wp-page\" data-elementor-id=\"4189\" class=\"elementor elementor-4189\">\n\t\t\t\t\t\t<section class=\"elementor-section elementor-top-section elementor-element elementor-element-e44c1c2 elementor-section-boxed elementor-section-height-default elementor-section-height-default\" data-id=\"e44c1c2\" data-element_type=\"section\">\n\t\t\t\t\t\t<div class=\"elementor-container elementor-column-gap-default\">\n\t\t\t\t\t<div class=\"elementor-column elementor-col-100 elementor-top-column elementor-element elementor-element-bb8e71b\" data-id=\"bb8e71b\" data-element_type=\"column\">\n\t\t\t<div class=\"elementor-widget-wrap elementor-element-populated\">\n\t\t\t\t\t\t<div class=\"elementor-element elementor-element-8d0c1ac elementor-widget elementor-widget-heading\" data-id=\"8d0c1ac\" data-element_type=\"widget\" data-widget_type=\"heading.default\">\n\t\t\t\t<div class=\"elementor-widget-container\">\n\t\t\t\t\t<h2 class=\"elementor-heading-title elementor-size-default\">Pourquoi Madison ?<\/h2>\t\t\t\t<\/div>\n\t\t\t\t<\/div>\n\t\t\t\t<div class=\"elementor-element elementor-element-89b696a elementor-widget-divider--view-line elementor-widget elementor-widget-divider\" data-id=\"89b696a\" data-element_type=\"widget\" data-widget_type=\"divider.default\">\n\t\t\t\t<div class=\"elementor-widget-container\">\n\t\t\t\t\t\t\t<div class=\"elementor-divider\">\n\t\t\t<span class=\"elementor-divider-separator\">\n\t\t\t\t\t\t<\/span>\n\t\t<\/div>\n\t\t\t\t\t\t<\/div>\n\t\t\t\t<\/div>\n\t\t\t\t\t<\/div>\n\t\t<\/div>\n\t\t\t\t\t<\/div>\n\t\t<\/section>\n\t\t\t\t<section class=\"elementor-section elementor-top-section elementor-element elementor-element-e920465 elementor-section-boxed elementor-section-height-default elementor-section-height-default\" data-id=\"e920465\" data-element_type=\"section\">\n\t\t\t\t\t\t<div class=\"elementor-container elementor-column-gap-default\">\n\t\t\t\t\t<div class=\"elementor-column elementor-col-100 elementor-top-column elementor-element elementor-element-7600738\" data-id=\"7600738\" data-element_type=\"column\">\n\t\t\t<div class=\"elementor-widget-wrap elementor-element-populated\">\n\t\t\t\t\t\t<div class=\"elementor-element elementor-element-3181dcd elementor-widget elementor-widget-image\" data-id=\"3181dcd\" data-element_type=\"widget\" data-widget_type=\"image.default\">\n\t\t\t\t<div class=\"elementor-widget-container\">\n\t\t\t\t\t\t\t\t\t\t\t\t\t\t\t<img fetchpriority=\"high\" decoding=\"async\" width=\"300\" height=\"279\" src=\"https:\/\/i0.wp.com\/sosmadisoninternational.org\/wp-content\/uploads\/2022\/03\/White-night-suit-with-wings-stars-and-cap-red.jpg?fit=300%2C279&amp;ssl=1\" class=\"attachment-medium size-medium wp-image-4200\" alt=\"\" srcset=\"https:\/\/i0.wp.com\/sosmadisoninternational.org\/wp-content\/uploads\/2022\/03\/White-night-suit-with-wings-stars-and-cap-red.jpg?w=2279&amp;ssl=1 2279w, https:\/\/i0.wp.com\/sosmadisoninternational.org\/wp-content\/uploads\/2022\/03\/White-night-suit-with-wings-stars-and-cap-red.jpg?resize=300%2C279&amp;ssl=1 300w, https:\/\/i0.wp.com\/sosmadisoninternational.org\/wp-content\/uploads\/2022\/03\/White-night-suit-with-wings-stars-and-cap-red.jpg?resize=1024%2C952&amp;ssl=1 1024w, https:\/\/i0.wp.com\/sosmadisoninternational.org\/wp-content\/uploads\/2022\/03\/White-night-suit-with-wings-stars-and-cap-red.jpg?resize=768%2C714&amp;ssl=1 768w, https:\/\/i0.wp.com\/sosmadisoninternational.org\/wp-content\/uploads\/2022\/03\/White-night-suit-with-wings-stars-and-cap-red.jpg?resize=1536%2C1427&amp;ssl=1 1536w, https:\/\/i0.wp.com\/sosmadisoninternational.org\/wp-content\/uploads\/2022\/03\/White-night-suit-with-wings-stars-and-cap-red.jpg?resize=2048%2C1903&amp;ssl=1 2048w\" sizes=\"(max-width: 300px) 100vw, 300px\" \/>\t\t\t\t\t\t\t\t\t\t\t\t\t\t\t<\/div>\n\t\t\t\t<\/div>\n\t\t\t\t\t<\/div>\n\t\t<\/div>\n\t\t\t\t\t<\/div>\n\t\t<\/section>\n\t\t\t\t<section class=\"elementor-section elementor-top-section elementor-element elementor-element-47df956 elementor-section-boxed elementor-section-height-default elementor-section-height-default\" data-id=\"47df956\" data-element_type=\"section\">\n\t\t\t\t\t\t<div class=\"elementor-container elementor-column-gap-default\">\n\t\t\t\t\t<div class=\"elementor-column elementor-col-100 elementor-top-column elementor-element elementor-element-a00380b\" data-id=\"a00380b\" data-element_type=\"column\">\n\t\t\t<div class=\"elementor-widget-wrap elementor-element-populated\">\n\t\t\t\t\t\t<div class=\"elementor-element elementor-element-2557c85 elementor-widget elementor-widget-text-editor\" data-id=\"2557c85\" data-element_type=\"widget\" data-widget_type=\"text-editor.default\">\n\t\t\t\t<div class=\"elementor-widget-container\">\n\t\t\t\t\t\t\t\t\t<p><b>Madison<\/b> a \u00e9t\u00e9 cr\u00e9\u00e9 en 2005 par notre Pr\u00e9sident Mason Ewing dans le but de faire passer un message d\u2019espoir. C\u2019est pour cela qu\u2019il a la peau m\u00e9tiss\u00e9e, les yeux bleus brid\u00e9s et une m\u00e8che blonde. Ainsi, tout le monde peut s\u2019identifier \u00e0 lui. <b>Madison<\/b> est devenu l\u2019ic\u00f4ne officielle de la holding Mason Ewing Corporation et ses filiales. Parmi ses divisions, on retrouve l\u2019association SOS Madison International qui porte le nom de <b>Baby Madison<\/b>. <b>Baby Madison <\/b>se bat partout dans le monde pour les enfants et pour les jeunes qui sortent d\u2019un placement de l\u2019\u00c9tat (orphelinats, foyers et familles d\u2019accueil).<\/p>\n<p>D\u2019apr\u00e8s Mason \u00ab&nbsp;Un enfant ne ment pas, ne juge pas, il aime tout le monde&nbsp;\u00bb.<\/p>\t\t\t\t\t\t\t\t<\/div>\n\t\t\t\t<\/div>\n\t\t\t\t\t<\/div>\n\t\t<\/div>\n\t\t\t\t\t<\/div>\n\t\t<\/section>\n\t\t\t\t<\/div>\n\t\t","protected":false},"excerpt":{"rendered":"<p>Pourquoi Madison ? Madison a \u00e9t\u00e9 cr\u00e9\u00e9 en 2005 par notre Pr\u00e9sident Mason Ewing dans le but de faire passer un message d\u2019espoir. C\u2019est pour cela qu\u2019il a la peau m\u00e9tiss\u00e9e, les yeux bleus brid\u00e9s et une m\u00e8che blonde. Ainsi, tout le monde peut s\u2019identifier \u00e0 lui. Madison est devenu l\u2019ic\u00f4ne officielle de la holding &hellip;<\/p>\n<p class=\"read-more\"> <a class=\"\" href=\"https:\/\/sosmadisoninternational.org\/fr\/pourquoi-madison\/\"> <span class=\"screen-reader-text\">Pourquoi Madison ?<\/span> Lire la suite\u00a0\u00bb<\/a><\/p>\n","protected":false},"author":2,"featured_media":0,"parent":0,"menu_order":0,"comment_status":"closed","ping_status":"closed","template":"","meta":{"_monsterinsights_skip_tracking":false,"_monsterinsights_sitenote_active":false,"_monsterinsights_sitenote_note":"","_monsterinsights_sitenote_category":0,"site-sidebar-layout":"no-sidebar","site-content-layout":"page-builder","ast-global-header-display":"","ast-main-header-display":"","ast-hfb-above-header-display":"","ast-hfb-below-header-display":"","ast-hfb-mobile-header-display":"","site-post-title":"disabled","ast-breadcrumbs-content":"","ast-featured-img":"disabled","footer-sml-layout":"","theme-transparent-header-meta":"","adv-header-id-meta":"","stick-header-meta":"","header-above-stick-meta":"","header-main-stick-meta":"","header-below-stick-meta":"","footnotes":""},"class_list":["post-4189","page","type-page","status-publish","hentry"],"yoast_head":"<!-- This site is optimized with the Yoast SEO plugin v27.5 - https:\/\/yoast.com\/product\/yoast-seo-wordpress\/ -->\n<title>Pourquoi Madison ? - SOS Madison International<\/title>\n<meta name=\"robots\" content=\"index, follow, max-snippet:-1, max-image-preview:large, max-video-preview:-1\" \/>\n<link rel=\"canonical\" href=\"https:\/\/sosmadisoninternational.org\/fr\/pourquoi-madison\/\" \/>\n<meta property=\"og:locale\" content=\"fr_FR\" \/>\n<meta property=\"og:type\" content=\"article\" \/>\n<meta property=\"og:title\" content=\"Pourquoi Madison ? - SOS Madison International\" \/>\n<meta property=\"og:description\" content=\"Pourquoi Madison ? Madison a \u00e9t\u00e9 cr\u00e9\u00e9 en 2005 par notre Pr\u00e9sident Mason Ewing dans le but de faire passer un message d\u2019espoir. C\u2019est pour cela qu\u2019il a la peau m\u00e9tiss\u00e9e, les yeux bleus brid\u00e9s et une m\u00e8che blonde. Ainsi, tout le monde peut s\u2019identifier \u00e0 lui. Madison est devenu l\u2019ic\u00f4ne officielle de la holding &hellip; Pourquoi Madison ? Lire la suite\u00a0\u00bb\" \/>\n<meta property=\"og:url\" content=\"https:\/\/sosmadisoninternational.org\/fr\/pourquoi-madison\/\" \/>\n<meta property=\"og:site_name\" content=\"SOS Madison International\" \/>\n<meta property=\"article:modified_time\" content=\"2022-03-15T17:17:15+00:00\" \/>\n<meta property=\"og:image\" content=\"https:\/\/sosmadisoninternational.org\/wp-content\/uploads\/2022\/03\/White-night-suit-with-wings-stars-and-cap-red-300x279.jpg\" \/>\n<meta name=\"twitter:card\" content=\"summary_large_image\" \/>\n<meta name=\"twitter:label1\" content=\"Dur\u00e9e de lecture estim\u00e9e\" \/>\n\t<meta name=\"twitter:data1\" content=\"1 minute\" \/>\n<script type=\"application\/ld+json\" class=\"yoast-schema-graph\">{\"@context\":\"https:\\\/\\\/schema.org\",\"@graph\":[{\"@type\":\"WebPage\",\"@id\":\"https:\\\/\\\/sosmadisoninternational.org\\\/fr\\\/pourquoi-madison\\\/\",\"url\":\"https:\\\/\\\/sosmadisoninternational.org\\\/fr\\\/pourquoi-madison\\\/\",\"name\":\"Pourquoi Madison ? - SOS Madison International\",\"isPartOf\":{\"@id\":\"https:\\\/\\\/sosmadisoninternational.org\\\/fr\\\/#website\"},\"primaryImageOfPage\":{\"@id\":\"https:\\\/\\\/sosmadisoninternational.org\\\/fr\\\/pourquoi-madison\\\/#primaryimage\"},\"image\":{\"@id\":\"https:\\\/\\\/sosmadisoninternational.org\\\/fr\\\/pourquoi-madison\\\/#primaryimage\"},\"thumbnailUrl\":\"https:\\\/\\\/sosmadisoninternational.org\\\/wp-content\\\/uploads\\\/2022\\\/03\\\/White-night-suit-with-wings-stars-and-cap-red-300x279.jpg\",\"datePublished\":\"2022-03-15T16:58:10+00:00\",\"dateModified\":\"2022-03-15T17:17:15+00:00\",\"breadcrumb\":{\"@id\":\"https:\\\/\\\/sosmadisoninternational.org\\\/fr\\\/pourquoi-madison\\\/#breadcrumb\"},\"inLanguage\":\"fr-FR\",\"potentialAction\":[{\"@type\":\"ReadAction\",\"target\":[\"https:\\\/\\\/sosmadisoninternational.org\\\/fr\\\/pourquoi-madison\\\/\"]}]},{\"@type\":\"ImageObject\",\"inLanguage\":\"fr-FR\",\"@id\":\"https:\\\/\\\/sosmadisoninternational.org\\\/fr\\\/pourquoi-madison\\\/#primaryimage\",\"url\":\"https:\\\/\\\/sosmadisoninternational.org\\\/wp-content\\\/uploads\\\/2022\\\/03\\\/White-night-suit-with-wings-stars-and-cap-red-300x279.jpg\",\"contentUrl\":\"https:\\\/\\\/sosmadisoninternational.org\\\/wp-content\\\/uploads\\\/2022\\\/03\\\/White-night-suit-with-wings-stars-and-cap-red-300x279.jpg\"},{\"@type\":\"BreadcrumbList\",\"@id\":\"https:\\\/\\\/sosmadisoninternational.org\\\/fr\\\/pourquoi-madison\\\/#breadcrumb\",\"itemListElement\":[{\"@type\":\"ListItem\",\"position\":1,\"name\":\"Home\",\"item\":\"https:\\\/\\\/sosmadisoninternational.org\\\/en\\\/\"},{\"@type\":\"ListItem\",\"position\":2,\"name\":\"Pourquoi Madison ?\"}]},{\"@type\":\"WebSite\",\"@id\":\"https:\\\/\\\/sosmadisoninternational.org\\\/fr\\\/#website\",\"url\":\"https:\\\/\\\/sosmadisoninternational.org\\\/fr\\\/\",\"name\":\"SOS Madison International\",\"description\":\"\",\"publisher\":{\"@id\":\"https:\\\/\\\/sosmadisoninternational.org\\\/fr\\\/#organization\"},\"potentialAction\":[{\"@type\":\"SearchAction\",\"target\":{\"@type\":\"EntryPoint\",\"urlTemplate\":\"https:\\\/\\\/sosmadisoninternational.org\\\/fr\\\/?s={search_term_string}\"},\"query-input\":{\"@type\":\"PropertyValueSpecification\",\"valueRequired\":true,\"valueName\":\"search_term_string\"}}],\"inLanguage\":\"fr-FR\"},{\"@type\":\"Organization\",\"@id\":\"https:\\\/\\\/sosmadisoninternational.org\\\/fr\\\/#organization\",\"name\":\"SOS Madison International\",\"url\":\"https:\\\/\\\/sosmadisoninternational.org\\\/fr\\\/\",\"logo\":{\"@type\":\"ImageObject\",\"inLanguage\":\"fr-FR\",\"@id\":\"https:\\\/\\\/sosmadisoninternational.org\\\/fr\\\/#\\\/schema\\\/logo\\\/image\\\/\",\"url\":\"https:\\\/\\\/i0.wp.com\\\/sosmadisoninternational.org\\\/wp-content\\\/uploads\\\/2022\\\/01\\\/SOS-Madison-International-Fond-transparent-2.jpeg?fit=700%2C700&ssl=1\",\"contentUrl\":\"https:\\\/\\\/i0.wp.com\\\/sosmadisoninternational.org\\\/wp-content\\\/uploads\\\/2022\\\/01\\\/SOS-Madison-International-Fond-transparent-2.jpeg?fit=700%2C700&ssl=1\",\"width\":700,\"height\":700,\"caption\":\"SOS Madison International\"},\"image\":{\"@id\":\"https:\\\/\\\/sosmadisoninternational.org\\\/fr\\\/#\\\/schema\\\/logo\\\/image\\\/\"}}]}<\/script>\n<!-- \/ Yoast SEO plugin. -->","yoast_head_json":{"title":"Pourquoi Madison ? - SOS Madison International","robots":{"index":"index","follow":"follow","max-snippet":"max-snippet:-1","max-image-preview":"max-image-preview:large","max-video-preview":"max-video-preview:-1"},"canonical":"https:\/\/sosmadisoninternational.org\/fr\/pourquoi-madison\/","og_locale":"fr_FR","og_type":"article","og_title":"Pourquoi Madison ? - SOS Madison International","og_description":"Pourquoi Madison ? Madison a \u00e9t\u00e9 cr\u00e9\u00e9 en 2005 par notre Pr\u00e9sident Mason Ewing dans le but de faire passer un message d\u2019espoir. C\u2019est pour cela qu\u2019il a la peau m\u00e9tiss\u00e9e, les yeux bleus brid\u00e9s et une m\u00e8che blonde. Ainsi, tout le monde peut s\u2019identifier \u00e0 lui. Madison est devenu l\u2019ic\u00f4ne officielle de la holding &hellip; Pourquoi Madison ? Lire la suite\u00a0\u00bb","og_url":"https:\/\/sosmadisoninternational.org\/fr\/pourquoi-madison\/","og_site_name":"SOS Madison International","article_modified_time":"2022-03-15T17:17:15+00:00","og_image":[{"url":"https:\/\/sosmadisoninternational.org\/wp-content\/uploads\/2022\/03\/White-night-suit-with-wings-stars-and-cap-red-300x279.jpg","type":"","width":"","height":""}],"twitter_card":"summary_large_image","twitter_misc":{"Dur\u00e9e de lecture estim\u00e9e":"1 minute"},"schema":{"@context":"https:\/\/schema.org","@graph":[{"@type":"WebPage","@id":"https:\/\/sosmadisoninternational.org\/fr\/pourquoi-madison\/","url":"https:\/\/sosmadisoninternational.org\/fr\/pourquoi-madison\/","name":"Pourquoi Madison ? - SOS Madison International","isPartOf":{"@id":"https:\/\/sosmadisoninternational.org\/fr\/#website"},"primaryImageOfPage":{"@id":"https:\/\/sosmadisoninternational.org\/fr\/pourquoi-madison\/#primaryimage"},"image":{"@id":"https:\/\/sosmadisoninternational.org\/fr\/pourquoi-madison\/#primaryimage"},"thumbnailUrl":"https:\/\/sosmadisoninternational.org\/wp-content\/uploads\/2022\/03\/White-night-suit-with-wings-stars-and-cap-red-300x279.jpg","datePublished":"2022-03-15T16:58:10+00:00","dateModified":"2022-03-15T17:17:15+00:00","breadcrumb":{"@id":"https:\/\/sosmadisoninternational.org\/fr\/pourquoi-madison\/#breadcrumb"},"inLanguage":"fr-FR","potentialAction":[{"@type":"ReadAction","target":["https:\/\/sosmadisoninternational.org\/fr\/pourquoi-madison\/"]}]},{"@type":"ImageObject","inLanguage":"fr-FR","@id":"https:\/\/sosmadisoninternational.org\/fr\/pourquoi-madison\/#primaryimage","url":"https:\/\/sosmadisoninternational.org\/wp-content\/uploads\/2022\/03\/White-night-suit-with-wings-stars-and-cap-red-300x279.jpg","contentUrl":"https:\/\/sosmadisoninternational.org\/wp-content\/uploads\/2022\/03\/White-night-suit-with-wings-stars-and-cap-red-300x279.jpg"},{"@type":"BreadcrumbList","@id":"https:\/\/sosmadisoninternational.org\/fr\/pourquoi-madison\/#breadcrumb","itemListElement":[{"@type":"ListItem","position":1,"name":"Home","item":"https:\/\/sosmadisoninternational.org\/en\/"},{"@type":"ListItem","position":2,"name":"Pourquoi Madison ?"}]},{"@type":"WebSite","@id":"https:\/\/sosmadisoninternational.org\/fr\/#website","url":"https:\/\/sosmadisoninternational.org\/fr\/","name":"SOS Madison International","description":"","publisher":{"@id":"https:\/\/sosmadisoninternational.org\/fr\/#organization"},"potentialAction":[{"@type":"SearchAction","target":{"@type":"EntryPoint","urlTemplate":"https:\/\/sosmadisoninternational.org\/fr\/?s={search_term_string}"},"query-input":{"@type":"PropertyValueSpecification","valueRequired":true,"valueName":"search_term_string"}}],"inLanguage":"fr-FR"},{"@type":"Organization","@id":"https:\/\/sosmadisoninternational.org\/fr\/#organization","name":"SOS Madison International","url":"https:\/\/sosmadisoninternational.org\/fr\/","logo":{"@type":"ImageObject","inLanguage":"fr-FR","@id":"https:\/\/sosmadisoninternational.org\/fr\/#\/schema\/logo\/image\/","url":"https:\/\/i0.wp.com\/sosmadisoninternational.org\/wp-content\/uploads\/2022\/01\/SOS-Madison-International-Fond-transparent-2.jpeg?fit=700%2C700&ssl=1","contentUrl":"https:\/\/i0.wp.com\/sosmadisoninternational.org\/wp-content\/uploads\/2022\/01\/SOS-Madison-International-Fond-transparent-2.jpeg?fit=700%2C700&ssl=1","width":700,"height":700,"caption":"SOS Madison International"},"image":{"@id":"https:\/\/sosmadisoninternational.org\/fr\/#\/schema\/logo\/image\/"}}]}},"_links":{"self":[{"href":"https:\/\/sosmadisoninternational.org\/fr\/wp-json\/wp\/v2\/pages\/4189","targetHints":{"allow":["GET"]}}],"collection":[{"href":"https:\/\/sosmadisoninternational.org\/fr\/wp-json\/wp\/v2\/pages"}],"about":[{"href":"https:\/\/sosmadisoninternational.org\/fr\/wp-json\/wp\/v2\/types\/page"}],"author":[{"embeddable":true,"href":"https:\/\/sosmadisoninternational.org\/fr\/wp-json\/wp\/v2\/users\/2"}],"replies":[{"embeddable":true,"href":"https:\/\/sosmadisoninternational.org\/fr\/wp-json\/wp\/v2\/comments?post=4189"}],"version-history":[{"count":0,"href":"https:\/\/sosmadisoninternational.org\/fr\/wp-json\/wp\/v2\/pages\/4189\/revisions"}],"wp:attachment":[{"href":"https:\/\/sosmadisoninternational.org\/fr\/wp-json\/wp\/v2\/media?parent=4189"}],"curies":[{"name":"wp","href":"https:\/\/api.w.org\/{rel}","templated":true}]}}