{"id":3422,"date":"2021-06-09T12:58:58","date_gmt":"2021-06-09T12:58:58","guid":{"rendered":"https:\/\/sosmadisoninternational.org\/?page_id=3422"},"modified":"2021-06-13T11:09:42","modified_gmt":"2021-06-13T11:09:42","slug":"mentions-legales","status":"publish","type":"page","link":"https:\/\/sosmadisoninternational.org\/fr\/mentions-legales\/","title":{"rendered":"Mentions l\u00e9gales"},"content":{"rendered":"\t\t<div data-elementor-type=\"wp-page\" data-elementor-id=\"3422\" class=\"elementor elementor-3422\">\n\t\t\t\t\t\t<section class=\"elementor-section elementor-top-section elementor-element elementor-element-1c55ad0 elementor-section-height-min-height elementor-section-boxed elementor-section-height-default elementor-section-items-middle\" data-id=\"1c55ad0\" data-element_type=\"section\" data-settings=\"{&quot;background_background&quot;:&quot;classic&quot;}\">\n\t\t\t\t\t\t<div class=\"elementor-container elementor-column-gap-default\">\n\t\t\t\t\t<div class=\"elementor-column elementor-col-100 elementor-top-column elementor-element elementor-element-5f26004\" data-id=\"5f26004\" data-element_type=\"column\">\n\t\t\t<div class=\"elementor-widget-wrap elementor-element-populated\">\n\t\t\t\t\t\t<div class=\"elementor-element elementor-element-bfd3eca elementor-widget elementor-widget-heading\" data-id=\"bfd3eca\" data-element_type=\"widget\" data-widget_type=\"heading.default\">\n\t\t\t\t<div class=\"elementor-widget-container\">\n\t\t\t\t\t<h2 class=\"elementor-heading-title elementor-size-default\">Mentions l\u00e9gales<\/h2>\t\t\t\t<\/div>\n\t\t\t\t<\/div>\n\t\t\t\t\t<\/div>\n\t\t<\/div>\n\t\t\t\t\t<\/div>\n\t\t<\/section>\n\t\t\t\t<section class=\"elementor-section elementor-top-section elementor-element elementor-element-b729a56 elementor-section-boxed elementor-section-height-default elementor-section-height-default\" data-id=\"b729a56\" data-element_type=\"section\" data-settings=\"{&quot;background_background&quot;:&quot;classic&quot;}\">\n\t\t\t\t\t\t<div class=\"elementor-container elementor-column-gap-default\">\n\t\t\t\t\t<div class=\"elementor-column elementor-col-100 elementor-top-column elementor-element elementor-element-b7fd620\" data-id=\"b7fd620\" data-element_type=\"column\">\n\t\t\t<div class=\"elementor-widget-wrap elementor-element-populated\">\n\t\t\t\t\t\t<div class=\"elementor-element elementor-element-b2d18fa elementor-widget elementor-widget-heading\" data-id=\"b2d18fa\" data-element_type=\"widget\" data-widget_type=\"heading.default\">\n\t\t\t\t<div class=\"elementor-widget-container\">\n\t\t\t\t\t<h2 class=\"elementor-heading-title elementor-size-default\">Directeur de la publication : <strong>Mason Cyrille Elong Ewing<\/strong><\/h2>\t\t\t\t<\/div>\n\t\t\t\t<\/div>\n\t\t\t\t<section class=\"elementor-section elementor-inner-section elementor-element elementor-element-fb85678 elementor-section-full_width elementor-section-height-default elementor-section-height-default\" data-id=\"fb85678\" data-element_type=\"section\">\n\t\t\t\t\t\t<div class=\"elementor-container elementor-column-gap-default\">\n\t\t\t\t\t<div class=\"elementor-column elementor-col-50 elementor-inner-column elementor-element elementor-element-7782a06\" data-id=\"7782a06\" data-element_type=\"column\">\n\t\t\t<div class=\"elementor-widget-wrap elementor-element-populated\">\n\t\t\t\t\t\t<div class=\"elementor-element elementor-element-b6fa141 elementor-widget elementor-widget-heading\" data-id=\"b6fa141\" data-element_type=\"widget\" data-widget_type=\"heading.default\">\n\t\t\t\t<div class=\"elementor-widget-container\">\n\t\t\t\t\t<h2 class=\"elementor-heading-title elementor-size-default\">SOS Madison International<\/h2>\t\t\t\t<\/div>\n\t\t\t\t<\/div>\n\t\t\t\t<div class=\"elementor-element elementor-element-7550dc8 elementor-widget elementor-widget-text-editor\" data-id=\"7550dc8\" data-element_type=\"widget\" data-widget_type=\"text-editor.default\">\n\t\t\t\t<div class=\"elementor-widget-container\">\n\t\t\t\t\t\t\t\t\t13 rue Jean Jaur\u00e8s<br>Interphone 101<br>77100 Meaux<br>France<br>+33 7 72 15 08 23\t\t\t\t\t\t\t\t<\/div>\n\t\t\t\t<\/div>\n\t\t\t\t\t<\/div>\n\t\t<\/div>\n\t\t\t\t<div class=\"elementor-column elementor-col-50 elementor-inner-column elementor-element elementor-element-b2720f9\" data-id=\"b2720f9\" data-element_type=\"column\">\n\t\t\t<div class=\"elementor-widget-wrap elementor-element-populated\">\n\t\t\t\t\t\t<div class=\"elementor-element elementor-element-753afc2 elementor-widget elementor-widget-heading\" data-id=\"753afc2\" data-element_type=\"widget\" data-widget_type=\"heading.default\">\n\t\t\t\t<div class=\"elementor-widget-container\">\n\t\t\t\t\t<h2 class=\"elementor-heading-title elementor-size-default\">H\u00e9bergeur<\/h2>\t\t\t\t<\/div>\n\t\t\t\t<\/div>\n\t\t\t\t<div class=\"elementor-element elementor-element-d19787a elementor-widget elementor-widget-text-editor\" data-id=\"d19787a\" data-element_type=\"widget\" data-widget_type=\"text-editor.default\">\n\t\t\t\t<div class=\"elementor-widget-container\">\n\t\t\t\t\t\t\t\t\tPulseHeberg <br> 55 Avenue des Champs Pierreux<br>\n92012 Nanterre Cedex<br>\nFrance<br>\n\t\t\t\t\t\t\t\t<\/div>\n\t\t\t\t<\/div>\n\t\t\t\t\t<\/div>\n\t\t<\/div>\n\t\t\t\t\t<\/div>\n\t\t<\/section>\n\t\t\t\t<section class=\"elementor-section elementor-inner-section elementor-element elementor-element-ced06d5 elementor-section-boxed elementor-section-height-default elementor-section-height-default\" data-id=\"ced06d5\" data-element_type=\"section\">\n\t\t\t\t\t\t<div class=\"elementor-container elementor-column-gap-default\">\n\t\t\t\t\t<div class=\"elementor-column elementor-col-100 elementor-inner-column elementor-element elementor-element-1459f09\" data-id=\"1459f09\" data-element_type=\"column\">\n\t\t\t<div class=\"elementor-widget-wrap elementor-element-populated\">\n\t\t\t\t\t\t<div class=\"elementor-element elementor-element-96c7d0d elementor-widget elementor-widget-text-editor\" data-id=\"96c7d0d\" data-element_type=\"widget\" data-widget_type=\"text-editor.default\">\n\t\t\t\t<div class=\"elementor-widget-container\">\n\t\t\t\t\t\t\t\t\t<p style=\"text-align: left;\">Association cr\u00e9\u00e9e le 23 octobre 2008 sous la loi du 1<sup>er<\/sup> juillet 1901<br \/>SIREN : 511 414 427<\/p>\t\t\t\t\t\t\t\t<\/div>\n\t\t\t\t<\/div>\n\t\t\t\t\t<\/div>\n\t\t<\/div>\n\t\t\t\t\t<\/div>\n\t\t<\/section>\n\t\t\t\t<section class=\"elementor-section elementor-inner-section elementor-element elementor-element-895c29d elementor-section-boxed elementor-section-height-default elementor-section-height-default\" data-id=\"895c29d\" data-element_type=\"section\">\n\t\t\t\t\t\t<div class=\"elementor-container elementor-column-gap-default\">\n\t\t\t\t\t<div class=\"elementor-column elementor-col-100 elementor-inner-column elementor-element elementor-element-d494028\" data-id=\"d494028\" data-element_type=\"column\">\n\t\t\t<div class=\"elementor-widget-wrap elementor-element-populated\">\n\t\t\t\t\t\t<div class=\"elementor-element elementor-element-6f1d27a elementor-widget elementor-widget-heading\" data-id=\"6f1d27a\" data-element_type=\"widget\" data-widget_type=\"heading.default\">\n\t\t\t\t<div class=\"elementor-widget-container\">\n\t\t\t\t\t<h2 class=\"elementor-heading-title elementor-size-default\"><b>contacts<\/b><\/h2>\t\t\t\t<\/div>\n\t\t\t\t<\/div>\n\t\t\t\t<div class=\"elementor-element elementor-element-afa5438 elementor-widget elementor-widget-text-editor\" data-id=\"afa5438\" data-element_type=\"widget\" data-widget_type=\"text-editor.default\">\n\t\t\t\t<div class=\"elementor-widget-container\">\n\t\t\t\t\t\t\t\t\t<p>Administration : <a href=\"mailto:contact@sosmadisoninternational.org\">contact@sosmadisoninternational.org<\/a><br \/>Locataire Solidaire : <a href=\"mailto:ls@sosmadisoninternational.org\">ls@sosmadisoninternational.org<\/a><br \/>Baby Madison Label : <a href=\"mailto:label@sosmadisoninternational.org\">label@sosmadisoninternational.org<\/a><\/p>\t\t\t\t\t\t\t\t<\/div>\n\t\t\t\t<\/div>\n\t\t\t\t\t<\/div>\n\t\t<\/div>\n\t\t\t\t\t<\/div>\n\t\t<\/section>\n\t\t\t\t\t<\/div>\n\t\t<\/div>\n\t\t\t\t\t<\/div>\n\t\t<\/section>\n\t\t\t\t<section class=\"elementor-section elementor-top-section elementor-element elementor-element-6cc928f elementor-section-boxed elementor-section-height-default elementor-section-height-default\" data-id=\"6cc928f\" data-element_type=\"section\" data-settings=\"{&quot;background_background&quot;:&quot;classic&quot;}\">\n\t\t\t\t\t\t<div class=\"elementor-container elementor-column-gap-default\">\n\t\t\t\t\t<div class=\"elementor-column elementor-col-100 elementor-top-column elementor-element elementor-element-967f792\" data-id=\"967f792\" data-element_type=\"column\">\n\t\t\t<div class=\"elementor-widget-wrap elementor-element-populated\">\n\t\t\t\t\t\t<div class=\"elementor-element elementor-element-aa44295 elementor-widget elementor-widget-heading\" data-id=\"aa44295\" data-element_type=\"widget\" data-widget_type=\"heading.default\">\n\t\t\t\t<div class=\"elementor-widget-container\">\n\t\t\t\t\t<h2 class=\"elementor-heading-title elementor-size-default\">Ce site n\u2019utilise pas de cookies.<\/h2>\t\t\t\t<\/div>\n\t\t\t\t<\/div>\n\t\t\t\t\t<\/div>\n\t\t<\/div>\n\t\t\t\t\t<\/div>\n\t\t<\/section>\n\t\t\t\t<\/div>\n\t\t","protected":false},"excerpt":{"rendered":"<p>Mentions l\u00e9gales Directeur de la publication : Mason Cyrille Elong Ewing SOS Madison International 13 rue Jean Jaur\u00e8sInterphone 10177100 MeauxFrance+33 7 72 15 08 23 H\u00e9bergeur PulseHeberg 55 Avenue des Champs Pierreux 92012 Nanterre Cedex France Association cr\u00e9\u00e9e le 23 octobre 2008 sous la loi du 1er juillet 1901SIREN : 511 414 427 contacts Administration &hellip;<\/p>\n<p class=\"read-more\"> <a class=\"\" href=\"https:\/\/sosmadisoninternational.org\/fr\/mentions-legales\/\"> <span class=\"screen-reader-text\">Mentions l\u00e9gales<\/span> Lire la suite\u00a0\u00bb<\/a><\/p>\n","protected":false},"author":3,"featured_media":0,"parent":0,"menu_order":0,"comment_status":"closed","ping_status":"closed","template":"","meta":{"_monsterinsights_skip_tracking":false,"_monsterinsights_sitenote_active":false,"_monsterinsights_sitenote_note":"","_monsterinsights_sitenote_category":0,"site-sidebar-layout":"no-sidebar","site-content-layout":"page-builder","ast-global-header-display":"","ast-main-header-display":"","ast-hfb-above-header-display":"","ast-hfb-below-header-display":"","ast-hfb-mobile-header-display":"","site-post-title":"disabled","ast-breadcrumbs-content":"","ast-featured-img":"disabled","footer-sml-layout":"","theme-transparent-header-meta":"default","adv-header-id-meta":"","stick-header-meta":"","header-above-stick-meta":"","header-main-stick-meta":"","header-below-stick-meta":"","footnotes":""},"class_list":["post-3422","page","type-page","status-publish","hentry"],"yoast_head":"<!-- This site is optimized with the Yoast SEO plugin v27.5 - https:\/\/yoast.com\/product\/yoast-seo-wordpress\/ -->\n<title>Mentions l\u00e9gales - SOS Madison International<\/title>\n<meta name=\"robots\" content=\"index, follow, max-snippet:-1, max-image-preview:large, max-video-preview:-1\" \/>\n<link rel=\"canonical\" href=\"https:\/\/sosmadisoninternational.org\/fr\/mentions-legales\/\" \/>\n<meta property=\"og:locale\" content=\"fr_FR\" \/>\n<meta property=\"og:type\" content=\"article\" \/>\n<meta property=\"og:title\" content=\"Mentions l\u00e9gales - SOS Madison International\" \/>\n<meta property=\"og:description\" content=\"Mentions l\u00e9gales Directeur de la publication : Mason Cyrille Elong Ewing SOS Madison International 13 rue Jean Jaur\u00e8sInterphone 10177100 MeauxFrance+33 7 72 15 08 23 H\u00e9bergeur PulseHeberg 55 Avenue des Champs Pierreux 92012 Nanterre Cedex France Association cr\u00e9\u00e9e le 23 octobre 2008 sous la loi du 1er juillet 1901SIREN : 511 414 427 contacts Administration &hellip; Mentions l\u00e9gales Lire la suite\u00a0\u00bb\" \/>\n<meta property=\"og:url\" content=\"https:\/\/sosmadisoninternational.org\/fr\/mentions-legales\/\" \/>\n<meta property=\"og:site_name\" content=\"SOS Madison International\" \/>\n<meta property=\"article:modified_time\" content=\"2021-06-13T11:09:42+00:00\" \/>\n<meta name=\"twitter:card\" content=\"summary_large_image\" \/>\n<script type=\"application\/ld+json\" class=\"yoast-schema-graph\">{\"@context\":\"https:\\\/\\\/schema.org\",\"@graph\":[{\"@type\":\"WebPage\",\"@id\":\"https:\\\/\\\/sosmadisoninternational.org\\\/fr\\\/mentions-legales\\\/\",\"url\":\"https:\\\/\\\/sosmadisoninternational.org\\\/fr\\\/mentions-legales\\\/\",\"name\":\"Mentions l\u00e9gales - SOS Madison International\",\"isPartOf\":{\"@id\":\"https:\\\/\\\/sosmadisoninternational.org\\\/fr\\\/#website\"},\"datePublished\":\"2021-06-09T12:58:58+00:00\",\"dateModified\":\"2021-06-13T11:09:42+00:00\",\"breadcrumb\":{\"@id\":\"https:\\\/\\\/sosmadisoninternational.org\\\/fr\\\/mentions-legales\\\/#breadcrumb\"},\"inLanguage\":\"fr-FR\",\"potentialAction\":[{\"@type\":\"ReadAction\",\"target\":[\"https:\\\/\\\/sosmadisoninternational.org\\\/fr\\\/mentions-legales\\\/\"]}]},{\"@type\":\"BreadcrumbList\",\"@id\":\"https:\\\/\\\/sosmadisoninternational.org\\\/fr\\\/mentions-legales\\\/#breadcrumb\",\"itemListElement\":[{\"@type\":\"ListItem\",\"position\":1,\"name\":\"Home\",\"item\":\"https:\\\/\\\/sosmadisoninternational.org\\\/en\\\/\"},{\"@type\":\"ListItem\",\"position\":2,\"name\":\"Mentions l\u00e9gales\"}]},{\"@type\":\"WebSite\",\"@id\":\"https:\\\/\\\/sosmadisoninternational.org\\\/fr\\\/#website\",\"url\":\"https:\\\/\\\/sosmadisoninternational.org\\\/fr\\\/\",\"name\":\"SOS Madison International\",\"description\":\"\",\"publisher\":{\"@id\":\"https:\\\/\\\/sosmadisoninternational.org\\\/fr\\\/#organization\"},\"potentialAction\":[{\"@type\":\"SearchAction\",\"target\":{\"@type\":\"EntryPoint\",\"urlTemplate\":\"https:\\\/\\\/sosmadisoninternational.org\\\/fr\\\/?s={search_term_string}\"},\"query-input\":{\"@type\":\"PropertyValueSpecification\",\"valueRequired\":true,\"valueName\":\"search_term_string\"}}],\"inLanguage\":\"fr-FR\"},{\"@type\":\"Organization\",\"@id\":\"https:\\\/\\\/sosmadisoninternational.org\\\/fr\\\/#organization\",\"name\":\"SOS Madison International\",\"url\":\"https:\\\/\\\/sosmadisoninternational.org\\\/fr\\\/\",\"logo\":{\"@type\":\"ImageObject\",\"inLanguage\":\"fr-FR\",\"@id\":\"https:\\\/\\\/sosmadisoninternational.org\\\/fr\\\/#\\\/schema\\\/logo\\\/image\\\/\",\"url\":\"https:\\\/\\\/i0.wp.com\\\/sosmadisoninternational.org\\\/wp-content\\\/uploads\\\/2022\\\/01\\\/SOS-Madison-International-Fond-transparent-2.jpeg?fit=700%2C700&ssl=1\",\"contentUrl\":\"https:\\\/\\\/i0.wp.com\\\/sosmadisoninternational.org\\\/wp-content\\\/uploads\\\/2022\\\/01\\\/SOS-Madison-International-Fond-transparent-2.jpeg?fit=700%2C700&ssl=1\",\"width\":700,\"height\":700,\"caption\":\"SOS Madison International\"},\"image\":{\"@id\":\"https:\\\/\\\/sosmadisoninternational.org\\\/fr\\\/#\\\/schema\\\/logo\\\/image\\\/\"}}]}<\/script>\n<!-- \/ Yoast SEO plugin. -->","yoast_head_json":{"title":"Mentions l\u00e9gales - SOS Madison International","robots":{"index":"index","follow":"follow","max-snippet":"max-snippet:-1","max-image-preview":"max-image-preview:large","max-video-preview":"max-video-preview:-1"},"canonical":"https:\/\/sosmadisoninternational.org\/fr\/mentions-legales\/","og_locale":"fr_FR","og_type":"article","og_title":"Mentions l\u00e9gales - SOS Madison International","og_description":"Mentions l\u00e9gales Directeur de la publication : Mason Cyrille Elong Ewing SOS Madison International 13 rue Jean Jaur\u00e8sInterphone 10177100 MeauxFrance+33 7 72 15 08 23 H\u00e9bergeur PulseHeberg 55 Avenue des Champs Pierreux 92012 Nanterre Cedex France Association cr\u00e9\u00e9e le 23 octobre 2008 sous la loi du 1er juillet 1901SIREN : 511 414 427 contacts Administration &hellip; Mentions l\u00e9gales Lire la suite\u00a0\u00bb","og_url":"https:\/\/sosmadisoninternational.org\/fr\/mentions-legales\/","og_site_name":"SOS Madison International","article_modified_time":"2021-06-13T11:09:42+00:00","twitter_card":"summary_large_image","schema":{"@context":"https:\/\/schema.org","@graph":[{"@type":"WebPage","@id":"https:\/\/sosmadisoninternational.org\/fr\/mentions-legales\/","url":"https:\/\/sosmadisoninternational.org\/fr\/mentions-legales\/","name":"Mentions l\u00e9gales - SOS Madison International","isPartOf":{"@id":"https:\/\/sosmadisoninternational.org\/fr\/#website"},"datePublished":"2021-06-09T12:58:58+00:00","dateModified":"2021-06-13T11:09:42+00:00","breadcrumb":{"@id":"https:\/\/sosmadisoninternational.org\/fr\/mentions-legales\/#breadcrumb"},"inLanguage":"fr-FR","potentialAction":[{"@type":"ReadAction","target":["https:\/\/sosmadisoninternational.org\/fr\/mentions-legales\/"]}]},{"@type":"BreadcrumbList","@id":"https:\/\/sosmadisoninternational.org\/fr\/mentions-legales\/#breadcrumb","itemListElement":[{"@type":"ListItem","position":1,"name":"Home","item":"https:\/\/sosmadisoninternational.org\/en\/"},{"@type":"ListItem","position":2,"name":"Mentions l\u00e9gales"}]},{"@type":"WebSite","@id":"https:\/\/sosmadisoninternational.org\/fr\/#website","url":"https:\/\/sosmadisoninternational.org\/fr\/","name":"SOS Madison International","description":"","publisher":{"@id":"https:\/\/sosmadisoninternational.org\/fr\/#organization"},"potentialAction":[{"@type":"SearchAction","target":{"@type":"EntryPoint","urlTemplate":"https:\/\/sosmadisoninternational.org\/fr\/?s={search_term_string}"},"query-input":{"@type":"PropertyValueSpecification","valueRequired":true,"valueName":"search_term_string"}}],"inLanguage":"fr-FR"},{"@type":"Organization","@id":"https:\/\/sosmadisoninternational.org\/fr\/#organization","name":"SOS Madison International","url":"https:\/\/sosmadisoninternational.org\/fr\/","logo":{"@type":"ImageObject","inLanguage":"fr-FR","@id":"https:\/\/sosmadisoninternational.org\/fr\/#\/schema\/logo\/image\/","url":"https:\/\/i0.wp.com\/sosmadisoninternational.org\/wp-content\/uploads\/2022\/01\/SOS-Madison-International-Fond-transparent-2.jpeg?fit=700%2C700&ssl=1","contentUrl":"https:\/\/i0.wp.com\/sosmadisoninternational.org\/wp-content\/uploads\/2022\/01\/SOS-Madison-International-Fond-transparent-2.jpeg?fit=700%2C700&ssl=1","width":700,"height":700,"caption":"SOS Madison International"},"image":{"@id":"https:\/\/sosmadisoninternational.org\/fr\/#\/schema\/logo\/image\/"}}]}},"_links":{"self":[{"href":"https:\/\/sosmadisoninternational.org\/fr\/wp-json\/wp\/v2\/pages\/3422","targetHints":{"allow":["GET"]}}],"collection":[{"href":"https:\/\/sosmadisoninternational.org\/fr\/wp-json\/wp\/v2\/pages"}],"about":[{"href":"https:\/\/sosmadisoninternational.org\/fr\/wp-json\/wp\/v2\/types\/page"}],"author":[{"embeddable":true,"href":"https:\/\/sosmadisoninternational.org\/fr\/wp-json\/wp\/v2\/users\/3"}],"replies":[{"embeddable":true,"href":"https:\/\/sosmadisoninternational.org\/fr\/wp-json\/wp\/v2\/comments?post=3422"}],"version-history":[{"count":0,"href":"https:\/\/sosmadisoninternational.org\/fr\/wp-json\/wp\/v2\/pages\/3422\/revisions"}],"wp:attachment":[{"href":"https:\/\/sosmadisoninternational.org\/fr\/wp-json\/wp\/v2\/media?parent=3422"}],"curies":[{"name":"wp","href":"https:\/\/api.w.org\/{rel}","templated":true}]}}