{"id":3387,"date":"2021-06-09T12:00:11","date_gmt":"2021-06-09T12:00:11","guid":{"rendered":"https:\/\/sosmadisoninternational.org\/?page_id=3387"},"modified":"2023-02-17T21:30:24","modified_gmt":"2023-02-17T21:30:24","slug":"baby-madison-label","status":"publish","type":"page","link":"https:\/\/sosmadisoninternational.org\/fr\/baby-madison-label\/","title":{"rendered":"Baby Madison Label"},"content":{"rendered":"\t\t<div data-elementor-type=\"wp-page\" data-elementor-id=\"3387\" class=\"elementor elementor-3387\">\n\t\t\t\t\t\t<section class=\"elementor-section elementor-top-section elementor-element elementor-element-e0e1a78 elementor-section-height-min-height elementor-section-boxed elementor-section-height-default elementor-section-items-middle\" data-id=\"e0e1a78\" data-element_type=\"section\">\n\t\t\t\t\t\t<div class=\"elementor-container elementor-column-gap-default\">\n\t\t\t\t\t<div class=\"elementor-column elementor-col-100 elementor-top-column elementor-element elementor-element-dea747d\" data-id=\"dea747d\" data-element_type=\"column\">\n\t\t\t<div class=\"elementor-widget-wrap elementor-element-populated\">\n\t\t\t\t\t\t<section class=\"elementor-section elementor-inner-section elementor-element elementor-element-bdb654b elementor-section-boxed elementor-section-height-default elementor-section-height-default\" data-id=\"bdb654b\" data-element_type=\"section\">\n\t\t\t\t\t\t<div class=\"elementor-container elementor-column-gap-default\">\n\t\t\t\t\t<div class=\"elementor-column elementor-col-100 elementor-inner-column elementor-element elementor-element-d0af355\" data-id=\"d0af355\" data-element_type=\"column\">\n\t\t\t<div class=\"elementor-widget-wrap elementor-element-populated\">\n\t\t\t\t\t\t<div class=\"elementor-element elementor-element-5f00446 elementor-widget elementor-widget-heading\" data-id=\"5f00446\" data-element_type=\"widget\" data-widget_type=\"heading.default\">\n\t\t\t\t<div class=\"elementor-widget-container\">\n\t\t\t\t\t<h2 class=\"elementor-heading-title elementor-size-default\">baby madison label<\/h2>\t\t\t\t<\/div>\n\t\t\t\t<\/div>\n\t\t\t\t<div class=\"elementor-element elementor-element-026b847 elementor-widget-divider--view-line elementor-widget elementor-widget-divider\" data-id=\"026b847\" data-element_type=\"widget\" data-widget_type=\"divider.default\">\n\t\t\t\t<div class=\"elementor-widget-container\">\n\t\t\t\t\t\t\t<div class=\"elementor-divider\">\n\t\t\t<span class=\"elementor-divider-separator\">\n\t\t\t\t\t\t<\/span>\n\t\t<\/div>\n\t\t\t\t\t\t<\/div>\n\t\t\t\t<\/div>\n\t\t\t\t\t<\/div>\n\t\t<\/div>\n\t\t\t\t\t<\/div>\n\t\t<\/section>\n\t\t\t\t<div class=\"elementor-element elementor-element-b302e86 elementor-align-center elementor-widget elementor-widget-button\" data-id=\"b302e86\" data-element_type=\"widget\" data-widget_type=\"button.default\">\n\t\t\t\t<div class=\"elementor-widget-container\">\n\t\t\t\t\t\t\t\t\t<div class=\"elementor-button-wrapper\">\n\t\t\t\t\t<a class=\"elementor-button elementor-button-link elementor-size-sm\" href=\"https:\/\/sosmadisoninternational.org\/fr\/baby-madison-label\/demande-de-certification\/\">\n\t\t\t\t\t\t<span class=\"elementor-button-content-wrapper\">\n\t\t\t\t\t\t\t\t\t<span class=\"elementor-button-text\">Demander le label<\/span>\n\t\t\t\t\t<\/span>\n\t\t\t\t\t<\/a>\n\t\t\t\t<\/div>\n\t\t\t\t\t\t\t\t<\/div>\n\t\t\t\t<\/div>\n\t\t\t\t\t<\/div>\n\t\t<\/div>\n\t\t\t\t\t<\/div>\n\t\t<\/section>\n\t\t\t\t<section class=\"elementor-section elementor-top-section elementor-element elementor-element-106c4bc elementor-section-full_width elementor-section-height-default elementor-section-height-default\" data-id=\"106c4bc\" data-element_type=\"section\">\n\t\t\t\t\t\t<div class=\"elementor-container elementor-column-gap-default\">\n\t\t\t\t\t<div class=\"elementor-column elementor-col-50 elementor-top-column elementor-element elementor-element-af078d1\" data-id=\"af078d1\" data-element_type=\"column\" data-settings=\"{&quot;background_background&quot;:&quot;classic&quot;}\">\n\t\t\t<div class=\"elementor-widget-wrap elementor-element-populated\">\n\t\t\t\t\t\t<div class=\"elementor-element elementor-element-02cdfaa elementor-widget elementor-widget-text-editor\" data-id=\"02cdfaa\" data-element_type=\"widget\" data-widget_type=\"text-editor.default\">\n\t\t\t\t<div class=\"elementor-widget-container\">\n\t\t\t\t\t\t\t\t\t<p>Baby Madison Label est garant de la s\u00e9curit\u00e9 au sein d\u2019un organisme qui accueille des mineurs. Il pr\u00f4ne les valeurs de s\u00e9curit\u00e9, de respect et de qualit\u00e9 p\u00e9dagogique. Pour nous, enfants, adolescents et jeunes adultes sont l\u2019avenir de notre monde. Garantissons-leur un.<\/p>\t\t\t\t\t\t\t\t<\/div>\n\t\t\t\t<\/div>\n\t\t\t\t<div class=\"elementor-element elementor-element-e998c83 elementor-widget elementor-widget-text-editor\" data-id=\"e998c83\" data-element_type=\"widget\" data-widget_type=\"text-editor.default\">\n\t\t\t\t<div class=\"elementor-widget-container\">\n\t\t\t\t\t\t\t\t\t<p>La cr\u00e9ation de Baby Madison Label fait suite aux pol\u00e9miques sur les \u00e9tablissements accueillant des mineurs en France. Des cas d\u2019abus, de violences et de viols furent r\u00e9v\u00e9l\u00e9s au public. Depuis, ils sont stigmatis\u00e9s, mis \u00e0 mal par l\u2019opinion publique.<\/p>\t\t\t\t\t\t\t\t<\/div>\n\t\t\t\t<\/div>\n\t\t\t\t<div class=\"elementor-element elementor-element-ad66d3f elementor-widget elementor-widget-text-editor\" data-id=\"ad66d3f\" data-element_type=\"widget\" data-widget_type=\"text-editor.default\">\n\t\t\t\t<div class=\"elementor-widget-container\">\n\t\t\t\t\t\t\t\t\t<p>Nous voulons mettre en avant les \u00e9tablissement qui respectent les lois et la d\u00e9ontologie. Montrer \u00e0 ces jeunes qu\u2019ils sont en s\u00e9curit\u00e9 et ont un avenir prometteur. Montrer aux familles qu\u2019ils peuvent avoir confiance en ces organes.<\/p>\t\t\t\t\t\t\t\t<\/div>\n\t\t\t\t<\/div>\n\t\t\t\t<div class=\"elementor-element elementor-element-62403e9 elementor-widget elementor-widget-text-editor\" data-id=\"62403e9\" data-element_type=\"widget\" data-widget_type=\"text-editor.default\">\n\t\t\t\t<div class=\"elementor-widget-container\">\n\t\t\t\t\t\t\t\t\t<p>En partenariat avec l\u2019organisme de certification Alticert, le label a \u00e9t\u00e9 officialis\u00e9 courant 2021. Il est sur le march\u00e9 depuis septembre 2022.<\/p>\t\t\t\t\t\t\t\t<\/div>\n\t\t\t\t<\/div>\n\t\t\t\t\t<\/div>\n\t\t<\/div>\n\t\t\t\t<div class=\"elementor-column elementor-col-50 elementor-top-column elementor-element elementor-element-04294e4\" data-id=\"04294e4\" data-element_type=\"column\" data-settings=\"{&quot;background_background&quot;:&quot;classic&quot;}\">\n\t\t\t<div class=\"elementor-widget-wrap elementor-element-populated\">\n\t\t\t\t\t<div class=\"elementor-background-overlay\"><\/div>\n\t\t\t\t\t\t<section class=\"elementor-section elementor-inner-section elementor-element elementor-element-c5833df elementor-section-boxed elementor-section-height-default elementor-section-height-default\" data-id=\"c5833df\" data-element_type=\"section\">\n\t\t\t\t\t\t<div class=\"elementor-container elementor-column-gap-default\">\n\t\t\t\t\t<div class=\"elementor-column elementor-col-100 elementor-inner-column elementor-element elementor-element-25d9610\" data-id=\"25d9610\" data-element_type=\"column\">\n\t\t\t<div class=\"elementor-widget-wrap elementor-element-populated\">\n\t\t\t\t\t\t<div class=\"elementor-element elementor-element-5f53b0b elementor-widget elementor-widget-heading\" data-id=\"5f53b0b\" data-element_type=\"widget\" data-widget_type=\"heading.default\">\n\t\t\t\t<div class=\"elementor-widget-container\">\n\t\t\t\t\t<h2 class=\"elementor-heading-title elementor-size-default\">nos objectifs<\/h2>\t\t\t\t<\/div>\n\t\t\t\t<\/div>\n\t\t\t\t<div class=\"elementor-element elementor-element-dfb692b elementor-widget elementor-widget-image\" data-id=\"dfb692b\" data-element_type=\"widget\" data-widget_type=\"image.default\">\n\t\t\t\t<div class=\"elementor-widget-container\">\n\t\t\t\t\t\t\t\t\t\t\t\t\t\t\t<img fetchpriority=\"high\" decoding=\"async\" width=\"287\" height=\"300\" src=\"https:\/\/i0.wp.com\/sosmadisoninternational.org\/wp-content\/uploads\/2021\/06\/Baby-Madison-Label-Transparent-background-1.png?fit=287%2C300&amp;ssl=1\" class=\"attachment-medium size-medium wp-image-3448\" alt=\"\" srcset=\"https:\/\/i0.wp.com\/sosmadisoninternational.org\/wp-content\/uploads\/2021\/06\/Baby-Madison-Label-Transparent-background-1.png?w=2432&amp;ssl=1 2432w, https:\/\/i0.wp.com\/sosmadisoninternational.org\/wp-content\/uploads\/2021\/06\/Baby-Madison-Label-Transparent-background-1.png?resize=287%2C300&amp;ssl=1 287w, https:\/\/i0.wp.com\/sosmadisoninternational.org\/wp-content\/uploads\/2021\/06\/Baby-Madison-Label-Transparent-background-1.png?resize=978%2C1024&amp;ssl=1 978w, https:\/\/i0.wp.com\/sosmadisoninternational.org\/wp-content\/uploads\/2021\/06\/Baby-Madison-Label-Transparent-background-1.png?resize=768%2C804&amp;ssl=1 768w, https:\/\/i0.wp.com\/sosmadisoninternational.org\/wp-content\/uploads\/2021\/06\/Baby-Madison-Label-Transparent-background-1.png?resize=1467%2C1536&amp;ssl=1 1467w, https:\/\/i0.wp.com\/sosmadisoninternational.org\/wp-content\/uploads\/2021\/06\/Baby-Madison-Label-Transparent-background-1.png?resize=1956%2C2048&amp;ssl=1 1956w\" sizes=\"(max-width: 287px) 100vw, 287px\" \/>\t\t\t\t\t\t\t\t\t\t\t\t\t\t\t<\/div>\n\t\t\t\t<\/div>\n\t\t\t\t<div class=\"elementor-element elementor-element-ae5ab83 elementor-widget elementor-widget-spacer\" data-id=\"ae5ab83\" data-element_type=\"widget\" data-widget_type=\"spacer.default\">\n\t\t\t\t<div class=\"elementor-widget-container\">\n\t\t\t\t\t\t\t<div class=\"elementor-spacer\">\n\t\t\t<div class=\"elementor-spacer-inner\"><\/div>\n\t\t<\/div>\n\t\t\t\t\t\t<\/div>\n\t\t\t\t<\/div>\n\t\t\t\t\t<\/div>\n\t\t<\/div>\n\t\t\t\t\t<\/div>\n\t\t<\/section>\n\t\t\t\t<section class=\"elementor-section elementor-inner-section elementor-element elementor-element-ad87deb elementor-section-boxed elementor-section-height-default elementor-section-height-default\" data-id=\"ad87deb\" data-element_type=\"section\">\n\t\t\t\t\t\t<div class=\"elementor-container elementor-column-gap-default\">\n\t\t\t\t\t<div class=\"elementor-column elementor-col-100 elementor-inner-column elementor-element elementor-element-eab1b30\" data-id=\"eab1b30\" data-element_type=\"column\">\n\t\t\t<div class=\"elementor-widget-wrap elementor-element-populated\">\n\t\t\t\t\t\t<div class=\"elementor-element elementor-element-bf1b447 elementor-align-center elementor-icon-list--layout-traditional elementor-list-item-link-full_width elementor-widget elementor-widget-icon-list\" data-id=\"bf1b447\" data-element_type=\"widget\" data-widget_type=\"icon-list.default\">\n\t\t\t\t<div class=\"elementor-widget-container\">\n\t\t\t\t\t\t\t<ul class=\"elementor-icon-list-items\">\n\t\t\t\t\t\t\t<li class=\"elementor-icon-list-item\">\n\t\t\t\t\t\t\t\t\t\t\t<span class=\"elementor-icon-list-icon\">\n\t\t\t\t\t\t\t<i aria-hidden=\"true\" class=\"far fa-check-circle\"><\/i>\t\t\t\t\t\t<\/span>\n\t\t\t\t\t\t\t\t\t\t<span class=\"elementor-icon-list-text\">S\u00e9curit\u00e9 des mineurs<\/span>\n\t\t\t\t\t\t\t\t\t<\/li>\n\t\t\t\t\t\t\t\t<li class=\"elementor-icon-list-item\">\n\t\t\t\t\t\t\t\t\t\t\t<span class=\"elementor-icon-list-icon\">\n\t\t\t\t\t\t\t<i aria-hidden=\"true\" class=\"fas fa-user-check\"><\/i>\t\t\t\t\t\t<\/span>\n\t\t\t\t\t\t\t\t\t\t<span class=\"elementor-icon-list-text\">Autonomisation des jeunes adultes<\/span>\n\t\t\t\t\t\t\t\t\t<\/li>\n\t\t\t\t\t\t\t\t<li class=\"elementor-icon-list-item\">\n\t\t\t\t\t\t\t\t\t\t\t<span class=\"elementor-icon-list-icon\">\n\t\t\t\t\t\t\t<i aria-hidden=\"true\" class=\"fas fa-hands-helping\"><\/i>\t\t\t\t\t\t<\/span>\n\t\t\t\t\t\t\t\t\t\t<span class=\"elementor-icon-list-text\">Respect des lois<\/span>\n\t\t\t\t\t\t\t\t\t<\/li>\n\t\t\t\t\t\t<\/ul>\n\t\t\t\t\t\t<\/div>\n\t\t\t\t<\/div>\n\t\t\t\t\t<\/div>\n\t\t<\/div>\n\t\t\t\t\t<\/div>\n\t\t<\/section>\n\t\t\t\t\t<\/div>\n\t\t<\/div>\n\t\t\t\t\t<\/div>\n\t\t<\/section>\n\t\t\t\t<\/div>\n\t\t","protected":false},"excerpt":{"rendered":"<p>baby madison label Demander le label Baby Madison Label est garant de la s\u00e9curit\u00e9 au sein d\u2019un organisme qui accueille des mineurs. Il pr\u00f4ne les valeurs de s\u00e9curit\u00e9, de respect et de qualit\u00e9 p\u00e9dagogique. Pour nous, enfants, adolescents et jeunes adultes sont l\u2019avenir de notre monde. Garantissons-leur un. La cr\u00e9ation de Baby Madison Label fait &hellip;<\/p>\n<p class=\"read-more\"> <a class=\"\" href=\"https:\/\/sosmadisoninternational.org\/fr\/baby-madison-label\/\"> <span class=\"screen-reader-text\">Baby Madison Label<\/span> Lire la suite\u00a0\u00bb<\/a><\/p>\n","protected":false},"author":3,"featured_media":0,"parent":0,"menu_order":0,"comment_status":"closed","ping_status":"closed","template":"","meta":{"_monsterinsights_skip_tracking":false,"_monsterinsights_sitenote_active":false,"_monsterinsights_sitenote_note":"","_monsterinsights_sitenote_category":0,"site-sidebar-layout":"no-sidebar","site-content-layout":"page-builder","ast-global-header-display":"","ast-main-header-display":"","ast-hfb-above-header-display":"","ast-hfb-below-header-display":"","ast-hfb-mobile-header-display":"","site-post-title":"disabled","ast-breadcrumbs-content":"","ast-featured-img":"disabled","footer-sml-layout":"","theme-transparent-header-meta":"default","adv-header-id-meta":"","stick-header-meta":"","header-above-stick-meta":"","header-main-stick-meta":"","header-below-stick-meta":"","footnotes":""},"class_list":["post-3387","page","type-page","status-publish","hentry"],"yoast_head":"<!-- This site is optimized with the Yoast SEO plugin v27.4 - https:\/\/yoast.com\/product\/yoast-seo-wordpress\/ -->\n<title>Baby Madison Label - SOS Madison International<\/title>\n<meta name=\"robots\" content=\"index, follow, max-snippet:-1, max-image-preview:large, max-video-preview:-1\" \/>\n<link rel=\"canonical\" href=\"https:\/\/sosmadisoninternational.org\/fr\/baby-madison-label\/\" \/>\n<meta property=\"og:locale\" content=\"fr_FR\" \/>\n<meta property=\"og:type\" content=\"article\" \/>\n<meta property=\"og:title\" content=\"Baby Madison Label - SOS Madison International\" \/>\n<meta property=\"og:description\" content=\"baby madison label Demander le label Baby Madison Label est garant de la s\u00e9curit\u00e9 au sein d\u2019un organisme qui accueille des mineurs. Il pr\u00f4ne les valeurs de s\u00e9curit\u00e9, de respect et de qualit\u00e9 p\u00e9dagogique. Pour nous, enfants, adolescents et jeunes adultes sont l\u2019avenir de notre monde. Garantissons-leur un. La cr\u00e9ation de Baby Madison Label fait &hellip; Baby Madison Label Lire la suite\u00a0\u00bb\" \/>\n<meta property=\"og:url\" content=\"https:\/\/sosmadisoninternational.org\/fr\/baby-madison-label\/\" \/>\n<meta property=\"og:site_name\" content=\"SOS Madison International\" \/>\n<meta property=\"article:modified_time\" content=\"2023-02-17T21:30:24+00:00\" \/>\n<meta property=\"og:image\" content=\"https:\/\/sosmadisoninternational.org\/wp-content\/uploads\/2021\/06\/Baby-Madison-Label-Transparent-background-1-287x300.png\" \/>\n<meta name=\"twitter:card\" content=\"summary_large_image\" \/>\n<meta name=\"twitter:label1\" content=\"Dur\u00e9e de lecture estim\u00e9e\" \/>\n\t<meta name=\"twitter:data1\" content=\"1 minute\" \/>\n<script type=\"application\/ld+json\" class=\"yoast-schema-graph\">{\"@context\":\"https:\\\/\\\/schema.org\",\"@graph\":[{\"@type\":\"WebPage\",\"@id\":\"https:\\\/\\\/sosmadisoninternational.org\\\/fr\\\/baby-madison-label\\\/\",\"url\":\"https:\\\/\\\/sosmadisoninternational.org\\\/fr\\\/baby-madison-label\\\/\",\"name\":\"Baby Madison Label - SOS Madison International\",\"isPartOf\":{\"@id\":\"https:\\\/\\\/sosmadisoninternational.org\\\/fr\\\/#website\"},\"primaryImageOfPage\":{\"@id\":\"https:\\\/\\\/sosmadisoninternational.org\\\/fr\\\/baby-madison-label\\\/#primaryimage\"},\"image\":{\"@id\":\"https:\\\/\\\/sosmadisoninternational.org\\\/fr\\\/baby-madison-label\\\/#primaryimage\"},\"thumbnailUrl\":\"https:\\\/\\\/sosmadisoninternational.org\\\/wp-content\\\/uploads\\\/2021\\\/06\\\/Baby-Madison-Label-Transparent-background-1-287x300.png\",\"datePublished\":\"2021-06-09T12:00:11+00:00\",\"dateModified\":\"2023-02-17T21:30:24+00:00\",\"breadcrumb\":{\"@id\":\"https:\\\/\\\/sosmadisoninternational.org\\\/fr\\\/baby-madison-label\\\/#breadcrumb\"},\"inLanguage\":\"fr-FR\",\"potentialAction\":[{\"@type\":\"ReadAction\",\"target\":[\"https:\\\/\\\/sosmadisoninternational.org\\\/fr\\\/baby-madison-label\\\/\"]}]},{\"@type\":\"ImageObject\",\"inLanguage\":\"fr-FR\",\"@id\":\"https:\\\/\\\/sosmadisoninternational.org\\\/fr\\\/baby-madison-label\\\/#primaryimage\",\"url\":\"https:\\\/\\\/sosmadisoninternational.org\\\/wp-content\\\/uploads\\\/2021\\\/06\\\/Baby-Madison-Label-Transparent-background-1-287x300.png\",\"contentUrl\":\"https:\\\/\\\/sosmadisoninternational.org\\\/wp-content\\\/uploads\\\/2021\\\/06\\\/Baby-Madison-Label-Transparent-background-1-287x300.png\"},{\"@type\":\"BreadcrumbList\",\"@id\":\"https:\\\/\\\/sosmadisoninternational.org\\\/fr\\\/baby-madison-label\\\/#breadcrumb\",\"itemListElement\":[{\"@type\":\"ListItem\",\"position\":1,\"name\":\"Home\",\"item\":\"https:\\\/\\\/sosmadisoninternational.org\\\/en\\\/\"},{\"@type\":\"ListItem\",\"position\":2,\"name\":\"Baby Madison Label\"}]},{\"@type\":\"WebSite\",\"@id\":\"https:\\\/\\\/sosmadisoninternational.org\\\/fr\\\/#website\",\"url\":\"https:\\\/\\\/sosmadisoninternational.org\\\/fr\\\/\",\"name\":\"SOS Madison International\",\"description\":\"\",\"publisher\":{\"@id\":\"https:\\\/\\\/sosmadisoninternational.org\\\/fr\\\/#organization\"},\"potentialAction\":[{\"@type\":\"SearchAction\",\"target\":{\"@type\":\"EntryPoint\",\"urlTemplate\":\"https:\\\/\\\/sosmadisoninternational.org\\\/fr\\\/?s={search_term_string}\"},\"query-input\":{\"@type\":\"PropertyValueSpecification\",\"valueRequired\":true,\"valueName\":\"search_term_string\"}}],\"inLanguage\":\"fr-FR\"},{\"@type\":\"Organization\",\"@id\":\"https:\\\/\\\/sosmadisoninternational.org\\\/fr\\\/#organization\",\"name\":\"SOS Madison International\",\"url\":\"https:\\\/\\\/sosmadisoninternational.org\\\/fr\\\/\",\"logo\":{\"@type\":\"ImageObject\",\"inLanguage\":\"fr-FR\",\"@id\":\"https:\\\/\\\/sosmadisoninternational.org\\\/fr\\\/#\\\/schema\\\/logo\\\/image\\\/\",\"url\":\"https:\\\/\\\/i0.wp.com\\\/sosmadisoninternational.org\\\/wp-content\\\/uploads\\\/2022\\\/01\\\/SOS-Madison-International-Fond-transparent-2.jpeg?fit=700%2C700&ssl=1\",\"contentUrl\":\"https:\\\/\\\/i0.wp.com\\\/sosmadisoninternational.org\\\/wp-content\\\/uploads\\\/2022\\\/01\\\/SOS-Madison-International-Fond-transparent-2.jpeg?fit=700%2C700&ssl=1\",\"width\":700,\"height\":700,\"caption\":\"SOS Madison International\"},\"image\":{\"@id\":\"https:\\\/\\\/sosmadisoninternational.org\\\/fr\\\/#\\\/schema\\\/logo\\\/image\\\/\"}}]}<\/script>\n<!-- \/ Yoast SEO plugin. -->","yoast_head_json":{"title":"Baby Madison Label - SOS Madison International","robots":{"index":"index","follow":"follow","max-snippet":"max-snippet:-1","max-image-preview":"max-image-preview:large","max-video-preview":"max-video-preview:-1"},"canonical":"https:\/\/sosmadisoninternational.org\/fr\/baby-madison-label\/","og_locale":"fr_FR","og_type":"article","og_title":"Baby Madison Label - SOS Madison International","og_description":"baby madison label Demander le label Baby Madison Label est garant de la s\u00e9curit\u00e9 au sein d\u2019un organisme qui accueille des mineurs. Il pr\u00f4ne les valeurs de s\u00e9curit\u00e9, de respect et de qualit\u00e9 p\u00e9dagogique. Pour nous, enfants, adolescents et jeunes adultes sont l\u2019avenir de notre monde. Garantissons-leur un. La cr\u00e9ation de Baby Madison Label fait &hellip; Baby Madison Label Lire la suite\u00a0\u00bb","og_url":"https:\/\/sosmadisoninternational.org\/fr\/baby-madison-label\/","og_site_name":"SOS Madison International","article_modified_time":"2023-02-17T21:30:24+00:00","og_image":[{"url":"https:\/\/sosmadisoninternational.org\/wp-content\/uploads\/2021\/06\/Baby-Madison-Label-Transparent-background-1-287x300.png","type":"","width":"","height":""}],"twitter_card":"summary_large_image","twitter_misc":{"Dur\u00e9e de lecture estim\u00e9e":"1 minute"},"schema":{"@context":"https:\/\/schema.org","@graph":[{"@type":"WebPage","@id":"https:\/\/sosmadisoninternational.org\/fr\/baby-madison-label\/","url":"https:\/\/sosmadisoninternational.org\/fr\/baby-madison-label\/","name":"Baby Madison Label - SOS Madison International","isPartOf":{"@id":"https:\/\/sosmadisoninternational.org\/fr\/#website"},"primaryImageOfPage":{"@id":"https:\/\/sosmadisoninternational.org\/fr\/baby-madison-label\/#primaryimage"},"image":{"@id":"https:\/\/sosmadisoninternational.org\/fr\/baby-madison-label\/#primaryimage"},"thumbnailUrl":"https:\/\/sosmadisoninternational.org\/wp-content\/uploads\/2021\/06\/Baby-Madison-Label-Transparent-background-1-287x300.png","datePublished":"2021-06-09T12:00:11+00:00","dateModified":"2023-02-17T21:30:24+00:00","breadcrumb":{"@id":"https:\/\/sosmadisoninternational.org\/fr\/baby-madison-label\/#breadcrumb"},"inLanguage":"fr-FR","potentialAction":[{"@type":"ReadAction","target":["https:\/\/sosmadisoninternational.org\/fr\/baby-madison-label\/"]}]},{"@type":"ImageObject","inLanguage":"fr-FR","@id":"https:\/\/sosmadisoninternational.org\/fr\/baby-madison-label\/#primaryimage","url":"https:\/\/sosmadisoninternational.org\/wp-content\/uploads\/2021\/06\/Baby-Madison-Label-Transparent-background-1-287x300.png","contentUrl":"https:\/\/sosmadisoninternational.org\/wp-content\/uploads\/2021\/06\/Baby-Madison-Label-Transparent-background-1-287x300.png"},{"@type":"BreadcrumbList","@id":"https:\/\/sosmadisoninternational.org\/fr\/baby-madison-label\/#breadcrumb","itemListElement":[{"@type":"ListItem","position":1,"name":"Home","item":"https:\/\/sosmadisoninternational.org\/en\/"},{"@type":"ListItem","position":2,"name":"Baby Madison Label"}]},{"@type":"WebSite","@id":"https:\/\/sosmadisoninternational.org\/fr\/#website","url":"https:\/\/sosmadisoninternational.org\/fr\/","name":"SOS Madison International","description":"","publisher":{"@id":"https:\/\/sosmadisoninternational.org\/fr\/#organization"},"potentialAction":[{"@type":"SearchAction","target":{"@type":"EntryPoint","urlTemplate":"https:\/\/sosmadisoninternational.org\/fr\/?s={search_term_string}"},"query-input":{"@type":"PropertyValueSpecification","valueRequired":true,"valueName":"search_term_string"}}],"inLanguage":"fr-FR"},{"@type":"Organization","@id":"https:\/\/sosmadisoninternational.org\/fr\/#organization","name":"SOS Madison International","url":"https:\/\/sosmadisoninternational.org\/fr\/","logo":{"@type":"ImageObject","inLanguage":"fr-FR","@id":"https:\/\/sosmadisoninternational.org\/fr\/#\/schema\/logo\/image\/","url":"https:\/\/i0.wp.com\/sosmadisoninternational.org\/wp-content\/uploads\/2022\/01\/SOS-Madison-International-Fond-transparent-2.jpeg?fit=700%2C700&ssl=1","contentUrl":"https:\/\/i0.wp.com\/sosmadisoninternational.org\/wp-content\/uploads\/2022\/01\/SOS-Madison-International-Fond-transparent-2.jpeg?fit=700%2C700&ssl=1","width":700,"height":700,"caption":"SOS Madison International"},"image":{"@id":"https:\/\/sosmadisoninternational.org\/fr\/#\/schema\/logo\/image\/"}}]}},"_links":{"self":[{"href":"https:\/\/sosmadisoninternational.org\/fr\/wp-json\/wp\/v2\/pages\/3387","targetHints":{"allow":["GET"]}}],"collection":[{"href":"https:\/\/sosmadisoninternational.org\/fr\/wp-json\/wp\/v2\/pages"}],"about":[{"href":"https:\/\/sosmadisoninternational.org\/fr\/wp-json\/wp\/v2\/types\/page"}],"author":[{"embeddable":true,"href":"https:\/\/sosmadisoninternational.org\/fr\/wp-json\/wp\/v2\/users\/3"}],"replies":[{"embeddable":true,"href":"https:\/\/sosmadisoninternational.org\/fr\/wp-json\/wp\/v2\/comments?post=3387"}],"version-history":[{"count":15,"href":"https:\/\/sosmadisoninternational.org\/fr\/wp-json\/wp\/v2\/pages\/3387\/revisions"}],"predecessor-version":[{"id":4715,"href":"https:\/\/sosmadisoninternational.org\/fr\/wp-json\/wp\/v2\/pages\/3387\/revisions\/4715"}],"wp:attachment":[{"href":"https:\/\/sosmadisoninternational.org\/fr\/wp-json\/wp\/v2\/media?parent=3387"}],"curies":[{"name":"wp","href":"https:\/\/api.w.org\/{rel}","templated":true}]}}