{"id":3181,"date":"2021-06-07T16:53:49","date_gmt":"2021-06-07T16:53:49","guid":{"rendered":"https:\/\/sosmadisoninternational.org\/?page_id=3181"},"modified":"2021-06-16T10:26:27","modified_gmt":"2021-06-16T10:26:27","slug":"locataire-solidaire","status":"publish","type":"page","link":"https:\/\/sosmadisoninternational.org\/fr\/locataire-solidaire\/","title":{"rendered":"Locataire Solidaire"},"content":{"rendered":"\t\t<div data-elementor-type=\"wp-page\" data-elementor-id=\"3181\" class=\"elementor elementor-3181\">\n\t\t\t\t\t\t<section class=\"elementor-section elementor-top-section elementor-element elementor-element-b705d8f elementor-section-height-min-height elementor-section-boxed elementor-section-height-default elementor-section-items-middle\" data-id=\"b705d8f\" data-element_type=\"section\" data-settings=\"{&quot;background_background&quot;:&quot;classic&quot;}\">\n\t\t\t\t\t\t\t<div class=\"elementor-background-overlay\"><\/div>\n\t\t\t\t\t\t\t<div class=\"elementor-container elementor-column-gap-default\">\n\t\t\t\t\t<div class=\"elementor-column elementor-col-100 elementor-top-column elementor-element elementor-element-c508d41\" data-id=\"c508d41\" data-element_type=\"column\">\n\t\t\t<div class=\"elementor-widget-wrap elementor-element-populated\">\n\t\t\t\t\t\t<div class=\"elementor-element elementor-element-6444ee1 elementor-widget__width-auto elementor-widget elementor-widget-image\" data-id=\"6444ee1\" data-element_type=\"widget\" data-widget_type=\"image.default\">\n\t\t\t\t<div class=\"elementor-widget-container\">\n\t\t\t\t\t\t\t\t\t\t\t\t\t\t\t<img decoding=\"async\" width=\"300\" height=\"78\" src=\"https:\/\/i0.wp.com\/sosmadisoninternational.org\/wp-content\/uploads\/2021\/06\/Locataire-Solidaire-logo-left-Transparent-background.png?fit=300%2C78&amp;ssl=1\" class=\"attachment-medium size-medium wp-image-3243\" alt=\"\" srcset=\"https:\/\/i0.wp.com\/sosmadisoninternational.org\/wp-content\/uploads\/2021\/06\/Locataire-Solidaire-logo-left-Transparent-background.png?w=9250&amp;ssl=1 9250w, https:\/\/i0.wp.com\/sosmadisoninternational.org\/wp-content\/uploads\/2021\/06\/Locataire-Solidaire-logo-left-Transparent-background.png?resize=300%2C78&amp;ssl=1 300w, https:\/\/i0.wp.com\/sosmadisoninternational.org\/wp-content\/uploads\/2021\/06\/Locataire-Solidaire-logo-left-Transparent-background.png?resize=1024%2C266&amp;ssl=1 1024w, https:\/\/i0.wp.com\/sosmadisoninternational.org\/wp-content\/uploads\/2021\/06\/Locataire-Solidaire-logo-left-Transparent-background.png?resize=768%2C200&amp;ssl=1 768w, https:\/\/i0.wp.com\/sosmadisoninternational.org\/wp-content\/uploads\/2021\/06\/Locataire-Solidaire-logo-left-Transparent-background.png?resize=1536%2C400&amp;ssl=1 1536w, https:\/\/i0.wp.com\/sosmadisoninternational.org\/wp-content\/uploads\/2021\/06\/Locataire-Solidaire-logo-left-Transparent-background.png?resize=2048%2C533&amp;ssl=1 2048w, https:\/\/i0.wp.com\/sosmadisoninternational.org\/wp-content\/uploads\/2021\/06\/Locataire-Solidaire-logo-left-Transparent-background.png?w=2400&amp;ssl=1 2400w, https:\/\/i0.wp.com\/sosmadisoninternational.org\/wp-content\/uploads\/2021\/06\/Locataire-Solidaire-logo-left-Transparent-background.png?w=3600&amp;ssl=1 3600w\" sizes=\"(max-width: 300px) 100vw, 300px\" \/>\t\t\t\t\t\t\t\t\t\t\t\t\t\t\t<\/div>\n\t\t\t\t<\/div>\n\t\t\t\t<div class=\"elementor-element elementor-element-8680f2e elementor-widget elementor-widget-heading\" data-id=\"8680f2e\" data-element_type=\"widget\" data-widget_type=\"heading.default\">\n\t\t\t\t<div class=\"elementor-widget-container\">\n\t\t\t\t\t<h2 class=\"elementor-heading-title elementor-size-default\">Locataire Solidaire<\/h2>\t\t\t\t<\/div>\n\t\t\t\t<\/div>\n\t\t\t\t<div class=\"elementor-element elementor-element-d7bc222 elementor-widget-divider--view-line elementor-widget elementor-widget-divider\" data-id=\"d7bc222\" data-element_type=\"widget\" data-widget_type=\"divider.default\">\n\t\t\t\t<div class=\"elementor-widget-container\">\n\t\t\t\t\t\t\t<div class=\"elementor-divider\">\n\t\t\t<span class=\"elementor-divider-separator\">\n\t\t\t\t\t\t<\/span>\n\t\t<\/div>\n\t\t\t\t\t\t<\/div>\n\t\t\t\t<\/div>\n\t\t\t\t\t<\/div>\n\t\t<\/div>\n\t\t\t\t\t<\/div>\n\t\t<\/section>\n\t\t\t\t<section class=\"elementor-section elementor-top-section elementor-element elementor-element-b986d60 elementor-section-boxed elementor-section-height-default elementor-section-height-default\" data-id=\"b986d60\" data-element_type=\"section\" data-settings=\"{&quot;background_background&quot;:&quot;classic&quot;}\">\n\t\t\t\t\t\t<div class=\"elementor-container elementor-column-gap-default\">\n\t\t\t\t\t<div class=\"elementor-column elementor-col-100 elementor-top-column elementor-element elementor-element-1b7dfd4\" data-id=\"1b7dfd4\" data-element_type=\"column\" data-settings=\"{&quot;background_background&quot;:&quot;classic&quot;}\">\n\t\t\t<div class=\"elementor-widget-wrap elementor-element-populated\">\n\t\t\t\t\t\t<div class=\"elementor-element elementor-element-60651b1 elementor-widget elementor-widget-text-editor\" data-id=\"60651b1\" data-element_type=\"widget\" data-widget_type=\"text-editor.default\">\n\t\t\t\t<div class=\"elementor-widget-container\">\n\t\t\t\t\t\t\t\t\t<p>Nous <strong>accueillons<\/strong> tout jeune susceptible de se retrouver \u00e0 la rue apr\u00e8s son expulsion de l\u2019Aide Sociale \u00e0 l\u2019Enfance ou de l\u2019orphelinat. Apr\u00e8s que nos assistantes sociales et psychologues aient parl\u00e9 avec eux, ils seront orient\u00e9s vers un locataire solidaire. C\u2019est un foyer d\u2019accueil b\u00e9n\u00e9vole qui loge, nourrit et <strong>oriente<\/strong> les jeunes pour leurs avenirs. Ceci se fait en contrepartie d\u2019une aide, d\u2019un savoir ou d\u2019un service.<\/p>\t\t\t\t\t\t\t\t<\/div>\n\t\t\t\t<\/div>\n\t\t\t\t<div class=\"elementor-element elementor-element-2f191b2 elementor-widget elementor-widget-text-editor\" data-id=\"2f191b2\" data-element_type=\"widget\" data-widget_type=\"text-editor.default\">\n\t\t\t\t<div class=\"elementor-widget-container\">\n\t\t\t\t\t\t\t\t\t<p>Nous <strong>comprenons<\/strong> et <strong>soutenons<\/strong> les jeunes, toutes les souffrances qu\u2019ils ont pu trouver sur leurs parcours, toutes leurs inqui\u00e9tudes gr\u00e2ce \u00e0 nos psychologues. Nous leurs apportons du r\u00e9confort, une oreille discr\u00e8te et attentive.<\/p>\t\t\t\t\t\t\t\t<\/div>\n\t\t\t\t<\/div>\n\t\t\t\t<div class=\"elementor-element elementor-element-e33d5b8 elementor-widget elementor-widget-text-editor\" data-id=\"e33d5b8\" data-element_type=\"widget\" data-widget_type=\"text-editor.default\">\n\t\t\t\t<div class=\"elementor-widget-container\">\n\t\t\t\t\t\t\t\t\t<p>Tous les jours, nos b\u00e9n\u00e9voles r\u00e9fl\u00e9chissent \u00e0 am\u00e9liorer la qualit\u00e9 et l\u2019\u00e9tendue du service pour offrir aux jeunes et aux foyers solidaires la meilleure exp\u00e9rience possible.<\/p><p>Enfin, nous <strong>guidons<\/strong> les jeunes vers leur avenir gr\u00e2ce aux \u00e9ducateurs et aux assistantes sociales. Nous mettons tout en place pour qu\u2019ils puissent accomplir leur projet \u00e9tudiant et professionnel.<\/p>\t\t\t\t\t\t\t\t<\/div>\n\t\t\t\t<\/div>\n\t\t\t\t<div class=\"elementor-element elementor-element-ccf856f elementor-widget elementor-widget-text-editor\" data-id=\"ccf856f\" data-element_type=\"widget\" data-widget_type=\"text-editor.default\">\n\t\t\t\t<div class=\"elementor-widget-container\">\n\t\t\t\t\t\t\t\t\t<p>\u00ab\u00a0Losso\u00a0\u00bb est une locution venant des mots \u00ab\u00a0<strong>Lo<\/strong>cataire <strong>So<\/strong>lidaire\u00a0\u00bb. Il d\u00e9signe tous les jeunes qui sont h\u00e9berg\u00e9s dans les foyers solidaires de notre association.<\/p><p>Plus qu\u2019un simple terme, c\u2019est un symbole d\u2019unit\u00e9. Chaque Losso s\u2019\u00e9mancipant de notre association est invit\u00e9 \u00e0 lui aussi, un jour, aider un autre jeune. Il deviendra \u00e0 son tour un Losso.<\/p><p>L\u2019animal totem des Losso est le loup. \u00c9voluant en meute, il est le symbole de la famille et de la protection ; comme les Losso qui ont un esprit fraternel et se soutiennent entre eux.<\/p>\t\t\t\t\t\t\t\t<\/div>\n\t\t\t\t<\/div>\n\t\t\t\t<div class=\"elementor-element elementor-element-270da31 elementor-align-center elementor-widget elementor-widget-button\" data-id=\"270da31\" data-element_type=\"widget\" data-widget_type=\"button.default\">\n\t\t\t\t<div class=\"elementor-widget-container\">\n\t\t\t\t\t\t\t\t\t<div class=\"elementor-button-wrapper\">\n\t\t\t\t\t<a class=\"elementor-button elementor-button-link elementor-size-sm\" href=\"https:\/\/sosmadisoninternational.org\/wp-content\/uploads\/2021\/06\/Pre\u0301sentation-compressed-_FR_.pdf\" target=\"_blank\">\n\t\t\t\t\t\t<span class=\"elementor-button-content-wrapper\">\n\t\t\t\t\t\t\t\t\t<span class=\"elementor-button-text\">T\u00e9l\u00e9chargez la pr\u00e9sentation<\/span>\n\t\t\t\t\t<\/span>\n\t\t\t\t\t<\/a>\n\t\t\t\t<\/div>\n\t\t\t\t\t\t\t\t<\/div>\n\t\t\t\t<\/div>\n\t\t\t\t<div class=\"elementor-element elementor-element-a5b9b3c elementor-align-center elementor-widget elementor-widget-button\" data-id=\"a5b9b3c\" data-element_type=\"widget\" data-widget_type=\"button.default\">\n\t\t\t\t<div class=\"elementor-widget-container\">\n\t\t\t\t\t\t\t\t\t<div class=\"elementor-button-wrapper\">\n\t\t\t\t\t<a class=\"elementor-button elementor-button-link elementor-size-sm\" href=\"https:\/\/www.facebook.com\/groups\/locataire.solidaire\" target=\"_blank\">\n\t\t\t\t\t\t<span class=\"elementor-button-content-wrapper\">\n\t\t\t\t\t\t<span class=\"elementor-button-icon\">\n\t\t\t\t<i aria-hidden=\"true\" class=\"fab fa-facebook\"><\/i>\t\t\t<\/span>\n\t\t\t\t\t\t\t\t\t<span class=\"elementor-button-text\">suivez-nous sur Facebook<\/span>\n\t\t\t\t\t<\/span>\n\t\t\t\t\t<\/a>\n\t\t\t\t<\/div>\n\t\t\t\t\t\t\t\t<\/div>\n\t\t\t\t<\/div>\n\t\t\t\t\t<\/div>\n\t\t<\/div>\n\t\t\t\t\t<\/div>\n\t\t<\/section>\n\t\t\t\t<\/div>\n\t\t","protected":false},"excerpt":{"rendered":"<p>Locataire Solidaire Nous accueillons tout jeune susceptible de se retrouver \u00e0 la rue apr\u00e8s son expulsion de l\u2019Aide Sociale \u00e0 l\u2019Enfance ou de l\u2019orphelinat. Apr\u00e8s que nos assistantes sociales et psychologues aient parl\u00e9 avec eux, ils seront orient\u00e9s vers un locataire solidaire. C\u2019est un foyer d\u2019accueil b\u00e9n\u00e9vole qui loge, nourrit et oriente les jeunes pour &hellip;<\/p>\n<p class=\"read-more\"> <a class=\"\" href=\"https:\/\/sosmadisoninternational.org\/fr\/locataire-solidaire\/\"> <span class=\"screen-reader-text\">Locataire Solidaire<\/span> Lire la suite\u00a0\u00bb<\/a><\/p>\n","protected":false},"author":3,"featured_media":0,"parent":0,"menu_order":0,"comment_status":"closed","ping_status":"closed","template":"","meta":{"_monsterinsights_skip_tracking":false,"_monsterinsights_sitenote_active":false,"_monsterinsights_sitenote_note":"","_monsterinsights_sitenote_category":0,"site-sidebar-layout":"no-sidebar","site-content-layout":"page-builder","ast-global-header-display":"","ast-main-header-display":"","ast-hfb-above-header-display":"","ast-hfb-below-header-display":"","ast-hfb-mobile-header-display":"","site-post-title":"disabled","ast-breadcrumbs-content":"","ast-featured-img":"disabled","footer-sml-layout":"","theme-transparent-header-meta":"default","adv-header-id-meta":"","stick-header-meta":"","header-above-stick-meta":"","header-main-stick-meta":"","header-below-stick-meta":"","footnotes":""},"class_list":["post-3181","page","type-page","status-publish","hentry"],"yoast_head":"<!-- This site is optimized with the Yoast SEO plugin v27.5 - https:\/\/yoast.com\/product\/yoast-seo-wordpress\/ -->\n<title>Locataire Solidaire - SOS Madison International<\/title>\n<meta name=\"robots\" content=\"index, follow, max-snippet:-1, max-image-preview:large, max-video-preview:-1\" \/>\n<link rel=\"canonical\" href=\"https:\/\/sosmadisoninternational.org\/fr\/locataire-solidaire\/\" \/>\n<meta property=\"og:locale\" content=\"fr_FR\" \/>\n<meta property=\"og:type\" content=\"article\" \/>\n<meta property=\"og:title\" content=\"Locataire Solidaire - SOS Madison International\" \/>\n<meta property=\"og:description\" content=\"Locataire Solidaire Nous accueillons tout jeune susceptible de se retrouver \u00e0 la rue apr\u00e8s son expulsion de l\u2019Aide Sociale \u00e0 l\u2019Enfance ou de l\u2019orphelinat. Apr\u00e8s que nos assistantes sociales et psychologues aient parl\u00e9 avec eux, ils seront orient\u00e9s vers un locataire solidaire. C\u2019est un foyer d\u2019accueil b\u00e9n\u00e9vole qui loge, nourrit et oriente les jeunes pour &hellip; Locataire Solidaire Lire la suite\u00a0\u00bb\" \/>\n<meta property=\"og:url\" content=\"https:\/\/sosmadisoninternational.org\/fr\/locataire-solidaire\/\" \/>\n<meta property=\"og:site_name\" content=\"SOS Madison International\" \/>\n<meta property=\"article:modified_time\" content=\"2021-06-16T10:26:27+00:00\" \/>\n<meta property=\"og:image\" content=\"https:\/\/sosmadisoninternational.org\/wp-content\/uploads\/2021\/06\/Locataire-Solidaire-logo-left-Transparent-background-300x78.png\" \/>\n<meta name=\"twitter:card\" content=\"summary_large_image\" \/>\n<meta name=\"twitter:label1\" content=\"Dur\u00e9e de lecture estim\u00e9e\" \/>\n\t<meta name=\"twitter:data1\" content=\"1 minute\" \/>\n<script type=\"application\/ld+json\" class=\"yoast-schema-graph\">{\"@context\":\"https:\\\/\\\/schema.org\",\"@graph\":[{\"@type\":\"WebPage\",\"@id\":\"https:\\\/\\\/sosmadisoninternational.org\\\/fr\\\/locataire-solidaire\\\/\",\"url\":\"https:\\\/\\\/sosmadisoninternational.org\\\/fr\\\/locataire-solidaire\\\/\",\"name\":\"Locataire Solidaire - SOS Madison International\",\"isPartOf\":{\"@id\":\"https:\\\/\\\/sosmadisoninternational.org\\\/fr\\\/#website\"},\"primaryImageOfPage\":{\"@id\":\"https:\\\/\\\/sosmadisoninternational.org\\\/fr\\\/locataire-solidaire\\\/#primaryimage\"},\"image\":{\"@id\":\"https:\\\/\\\/sosmadisoninternational.org\\\/fr\\\/locataire-solidaire\\\/#primaryimage\"},\"thumbnailUrl\":\"https:\\\/\\\/sosmadisoninternational.org\\\/wp-content\\\/uploads\\\/2021\\\/06\\\/Locataire-Solidaire-logo-left-Transparent-background-300x78.png\",\"datePublished\":\"2021-06-07T16:53:49+00:00\",\"dateModified\":\"2021-06-16T10:26:27+00:00\",\"breadcrumb\":{\"@id\":\"https:\\\/\\\/sosmadisoninternational.org\\\/fr\\\/locataire-solidaire\\\/#breadcrumb\"},\"inLanguage\":\"fr-FR\",\"potentialAction\":[{\"@type\":\"ReadAction\",\"target\":[\"https:\\\/\\\/sosmadisoninternational.org\\\/fr\\\/locataire-solidaire\\\/\"]}]},{\"@type\":\"ImageObject\",\"inLanguage\":\"fr-FR\",\"@id\":\"https:\\\/\\\/sosmadisoninternational.org\\\/fr\\\/locataire-solidaire\\\/#primaryimage\",\"url\":\"https:\\\/\\\/sosmadisoninternational.org\\\/wp-content\\\/uploads\\\/2021\\\/06\\\/Locataire-Solidaire-logo-left-Transparent-background-300x78.png\",\"contentUrl\":\"https:\\\/\\\/sosmadisoninternational.org\\\/wp-content\\\/uploads\\\/2021\\\/06\\\/Locataire-Solidaire-logo-left-Transparent-background-300x78.png\"},{\"@type\":\"BreadcrumbList\",\"@id\":\"https:\\\/\\\/sosmadisoninternational.org\\\/fr\\\/locataire-solidaire\\\/#breadcrumb\",\"itemListElement\":[{\"@type\":\"ListItem\",\"position\":1,\"name\":\"Home\",\"item\":\"https:\\\/\\\/sosmadisoninternational.org\\\/en\\\/\"},{\"@type\":\"ListItem\",\"position\":2,\"name\":\"Locataire Solidaire\"}]},{\"@type\":\"WebSite\",\"@id\":\"https:\\\/\\\/sosmadisoninternational.org\\\/fr\\\/#website\",\"url\":\"https:\\\/\\\/sosmadisoninternational.org\\\/fr\\\/\",\"name\":\"SOS Madison International\",\"description\":\"\",\"publisher\":{\"@id\":\"https:\\\/\\\/sosmadisoninternational.org\\\/fr\\\/#organization\"},\"potentialAction\":[{\"@type\":\"SearchAction\",\"target\":{\"@type\":\"EntryPoint\",\"urlTemplate\":\"https:\\\/\\\/sosmadisoninternational.org\\\/fr\\\/?s={search_term_string}\"},\"query-input\":{\"@type\":\"PropertyValueSpecification\",\"valueRequired\":true,\"valueName\":\"search_term_string\"}}],\"inLanguage\":\"fr-FR\"},{\"@type\":\"Organization\",\"@id\":\"https:\\\/\\\/sosmadisoninternational.org\\\/fr\\\/#organization\",\"name\":\"SOS Madison International\",\"url\":\"https:\\\/\\\/sosmadisoninternational.org\\\/fr\\\/\",\"logo\":{\"@type\":\"ImageObject\",\"inLanguage\":\"fr-FR\",\"@id\":\"https:\\\/\\\/sosmadisoninternational.org\\\/fr\\\/#\\\/schema\\\/logo\\\/image\\\/\",\"url\":\"https:\\\/\\\/i0.wp.com\\\/sosmadisoninternational.org\\\/wp-content\\\/uploads\\\/2022\\\/01\\\/SOS-Madison-International-Fond-transparent-2.jpeg?fit=700%2C700&ssl=1\",\"contentUrl\":\"https:\\\/\\\/i0.wp.com\\\/sosmadisoninternational.org\\\/wp-content\\\/uploads\\\/2022\\\/01\\\/SOS-Madison-International-Fond-transparent-2.jpeg?fit=700%2C700&ssl=1\",\"width\":700,\"height\":700,\"caption\":\"SOS Madison International\"},\"image\":{\"@id\":\"https:\\\/\\\/sosmadisoninternational.org\\\/fr\\\/#\\\/schema\\\/logo\\\/image\\\/\"}}]}<\/script>\n<!-- \/ Yoast SEO plugin. -->","yoast_head_json":{"title":"Locataire Solidaire - SOS Madison International","robots":{"index":"index","follow":"follow","max-snippet":"max-snippet:-1","max-image-preview":"max-image-preview:large","max-video-preview":"max-video-preview:-1"},"canonical":"https:\/\/sosmadisoninternational.org\/fr\/locataire-solidaire\/","og_locale":"fr_FR","og_type":"article","og_title":"Locataire Solidaire - SOS Madison International","og_description":"Locataire Solidaire Nous accueillons tout jeune susceptible de se retrouver \u00e0 la rue apr\u00e8s son expulsion de l\u2019Aide Sociale \u00e0 l\u2019Enfance ou de l\u2019orphelinat. Apr\u00e8s que nos assistantes sociales et psychologues aient parl\u00e9 avec eux, ils seront orient\u00e9s vers un locataire solidaire. C\u2019est un foyer d\u2019accueil b\u00e9n\u00e9vole qui loge, nourrit et oriente les jeunes pour &hellip; Locataire Solidaire Lire la suite\u00a0\u00bb","og_url":"https:\/\/sosmadisoninternational.org\/fr\/locataire-solidaire\/","og_site_name":"SOS Madison International","article_modified_time":"2021-06-16T10:26:27+00:00","og_image":[{"url":"https:\/\/sosmadisoninternational.org\/wp-content\/uploads\/2021\/06\/Locataire-Solidaire-logo-left-Transparent-background-300x78.png","type":"","width":"","height":""}],"twitter_card":"summary_large_image","twitter_misc":{"Dur\u00e9e de lecture estim\u00e9e":"1 minute"},"schema":{"@context":"https:\/\/schema.org","@graph":[{"@type":"WebPage","@id":"https:\/\/sosmadisoninternational.org\/fr\/locataire-solidaire\/","url":"https:\/\/sosmadisoninternational.org\/fr\/locataire-solidaire\/","name":"Locataire Solidaire - SOS Madison International","isPartOf":{"@id":"https:\/\/sosmadisoninternational.org\/fr\/#website"},"primaryImageOfPage":{"@id":"https:\/\/sosmadisoninternational.org\/fr\/locataire-solidaire\/#primaryimage"},"image":{"@id":"https:\/\/sosmadisoninternational.org\/fr\/locataire-solidaire\/#primaryimage"},"thumbnailUrl":"https:\/\/sosmadisoninternational.org\/wp-content\/uploads\/2021\/06\/Locataire-Solidaire-logo-left-Transparent-background-300x78.png","datePublished":"2021-06-07T16:53:49+00:00","dateModified":"2021-06-16T10:26:27+00:00","breadcrumb":{"@id":"https:\/\/sosmadisoninternational.org\/fr\/locataire-solidaire\/#breadcrumb"},"inLanguage":"fr-FR","potentialAction":[{"@type":"ReadAction","target":["https:\/\/sosmadisoninternational.org\/fr\/locataire-solidaire\/"]}]},{"@type":"ImageObject","inLanguage":"fr-FR","@id":"https:\/\/sosmadisoninternational.org\/fr\/locataire-solidaire\/#primaryimage","url":"https:\/\/sosmadisoninternational.org\/wp-content\/uploads\/2021\/06\/Locataire-Solidaire-logo-left-Transparent-background-300x78.png","contentUrl":"https:\/\/sosmadisoninternational.org\/wp-content\/uploads\/2021\/06\/Locataire-Solidaire-logo-left-Transparent-background-300x78.png"},{"@type":"BreadcrumbList","@id":"https:\/\/sosmadisoninternational.org\/fr\/locataire-solidaire\/#breadcrumb","itemListElement":[{"@type":"ListItem","position":1,"name":"Home","item":"https:\/\/sosmadisoninternational.org\/en\/"},{"@type":"ListItem","position":2,"name":"Locataire Solidaire"}]},{"@type":"WebSite","@id":"https:\/\/sosmadisoninternational.org\/fr\/#website","url":"https:\/\/sosmadisoninternational.org\/fr\/","name":"SOS Madison International","description":"","publisher":{"@id":"https:\/\/sosmadisoninternational.org\/fr\/#organization"},"potentialAction":[{"@type":"SearchAction","target":{"@type":"EntryPoint","urlTemplate":"https:\/\/sosmadisoninternational.org\/fr\/?s={search_term_string}"},"query-input":{"@type":"PropertyValueSpecification","valueRequired":true,"valueName":"search_term_string"}}],"inLanguage":"fr-FR"},{"@type":"Organization","@id":"https:\/\/sosmadisoninternational.org\/fr\/#organization","name":"SOS Madison International","url":"https:\/\/sosmadisoninternational.org\/fr\/","logo":{"@type":"ImageObject","inLanguage":"fr-FR","@id":"https:\/\/sosmadisoninternational.org\/fr\/#\/schema\/logo\/image\/","url":"https:\/\/i0.wp.com\/sosmadisoninternational.org\/wp-content\/uploads\/2022\/01\/SOS-Madison-International-Fond-transparent-2.jpeg?fit=700%2C700&ssl=1","contentUrl":"https:\/\/i0.wp.com\/sosmadisoninternational.org\/wp-content\/uploads\/2022\/01\/SOS-Madison-International-Fond-transparent-2.jpeg?fit=700%2C700&ssl=1","width":700,"height":700,"caption":"SOS Madison International"},"image":{"@id":"https:\/\/sosmadisoninternational.org\/fr\/#\/schema\/logo\/image\/"}}]}},"_links":{"self":[{"href":"https:\/\/sosmadisoninternational.org\/fr\/wp-json\/wp\/v2\/pages\/3181","targetHints":{"allow":["GET"]}}],"collection":[{"href":"https:\/\/sosmadisoninternational.org\/fr\/wp-json\/wp\/v2\/pages"}],"about":[{"href":"https:\/\/sosmadisoninternational.org\/fr\/wp-json\/wp\/v2\/types\/page"}],"author":[{"embeddable":true,"href":"https:\/\/sosmadisoninternational.org\/fr\/wp-json\/wp\/v2\/users\/3"}],"replies":[{"embeddable":true,"href":"https:\/\/sosmadisoninternational.org\/fr\/wp-json\/wp\/v2\/comments?post=3181"}],"version-history":[{"count":0,"href":"https:\/\/sosmadisoninternational.org\/fr\/wp-json\/wp\/v2\/pages\/3181\/revisions"}],"wp:attachment":[{"href":"https:\/\/sosmadisoninternational.org\/fr\/wp-json\/wp\/v2\/media?parent=3181"}],"curies":[{"name":"wp","href":"https:\/\/api.w.org\/{rel}","templated":true}]}}