{"id":2701,"date":"2021-05-31T15:42:05","date_gmt":"2021-05-31T15:42:05","guid":{"rendered":"https:\/\/sosmadisoninternational.org\/?page_id=2701"},"modified":"2024-03-25T07:57:44","modified_gmt":"2024-03-25T07:57:44","slug":"qui-sommes-nous","status":"publish","type":"page","link":"https:\/\/sosmadisoninternational.org\/fr\/qui-sommes-nous\/","title":{"rendered":"Qui sommes-nous ?"},"content":{"rendered":"\t\t<div data-elementor-type=\"wp-post\" data-elementor-id=\"2701\" class=\"elementor elementor-2701\">\n\t\t\t\t\t\t<section class=\"elementor-section elementor-top-section elementor-element elementor-element-341d442d elementor-section-boxed elementor-section-height-default elementor-section-height-default\" data-id=\"341d442d\" data-element_type=\"section\" data-settings=\"{&quot;background_background&quot;:&quot;classic&quot;}\">\n\t\t\t\t\t\t<div class=\"elementor-container elementor-column-gap-default\">\n\t\t\t\t\t<div class=\"elementor-column elementor-col-100 elementor-top-column elementor-element elementor-element-4e2ebfc1\" data-id=\"4e2ebfc1\" data-element_type=\"column\">\n\t\t\t<div class=\"elementor-widget-wrap elementor-element-populated\">\n\t\t\t\t\t\t<div class=\"elementor-element elementor-element-4009eac elementor-widget elementor-widget-heading\" data-id=\"4009eac\" data-element_type=\"widget\" data-widget_type=\"heading.default\">\n\t\t\t\t<div class=\"elementor-widget-container\">\n\t\t\t\t\t<h2 class=\"elementor-heading-title elementor-size-default\">QUI SOMMES-NOUS ?<\/h2>\t\t\t\t<\/div>\n\t\t\t\t<\/div>\n\t\t\t\t<div class=\"elementor-element elementor-element-2efe5d8b elementor-widget-divider--view-line elementor-widget elementor-widget-divider\" data-id=\"2efe5d8b\" data-element_type=\"widget\" data-widget_type=\"divider.default\">\n\t\t\t\t<div class=\"elementor-widget-container\">\n\t\t\t\t\t\t\t<div class=\"elementor-divider\">\n\t\t\t<span class=\"elementor-divider-separator\">\n\t\t\t\t\t\t<\/span>\n\t\t<\/div>\n\t\t\t\t\t\t<\/div>\n\t\t\t\t<\/div>\n\t\t\t\t<section class=\"elementor-section elementor-inner-section elementor-element elementor-element-387e33fb elementor-section-content-top elementor-section-boxed elementor-section-height-default elementor-section-height-default\" data-id=\"387e33fb\" data-element_type=\"section\">\n\t\t\t\t\t\t<div class=\"elementor-container elementor-column-gap-extended\">\n\t\t\t\t\t<div class=\"elementor-column elementor-col-50 elementor-inner-column elementor-element elementor-element-54c86f7c\" data-id=\"54c86f7c\" data-element_type=\"column\">\n\t\t\t<div class=\"elementor-widget-wrap elementor-element-populated\">\n\t\t\t\t\t\t<div class=\"elementor-element elementor-element-d7504b5 elementor-widget elementor-widget-spacer\" data-id=\"d7504b5\" data-element_type=\"widget\" data-widget_type=\"spacer.default\">\n\t\t\t\t<div class=\"elementor-widget-container\">\n\t\t\t\t\t\t\t<div class=\"elementor-spacer\">\n\t\t\t<div class=\"elementor-spacer-inner\"><\/div>\n\t\t<\/div>\n\t\t\t\t\t\t<\/div>\n\t\t\t\t<\/div>\n\t\t\t\t<div class=\"elementor-element elementor-element-5a331367 elementor-widget elementor-widget-text-editor\" data-id=\"5a331367\" data-element_type=\"widget\" data-widget_type=\"text-editor.default\">\n\t\t\t\t<div class=\"elementor-widget-container\">\n\t\t\t\t\t\t\t\t\t<p style=\"text-align: justify;\">Le combat de l\u2019association <strong>SOS Madison International <\/strong>a pour but de faire bouger les choses dans le monde, faire prendre conscience que ce qui arrive aux enfants dans nos soci\u00e9t\u00e9s n\u2019est pas toujours normal, donner \u00e0 voir cette injustice que personne ne veut voir, que personne ne veut entendre. C\u2019est tellement plus facile de feindre l\u2019ignorance. Dans notre monde, pendant que beaucoup de gens sont heureux, qu\u2019ils ont \u00e0 manger, de quoi boire, un lieu o\u00f9 dormir, une maison\u00a0 rempli d\u2019amour\u2026 on oublie que, au m\u00eame instant, quelque part dans un pays, dans une ville, dans un village, un enfant se fait frapper brutalement, br\u00fbler, s\u00e9questrer, mutiler, violer et m\u00eame tuer. Beaucoup de personnes n\u2019ont aucun scrupule \u00e0 profiter de l\u2019innocence d\u2019un enfant. Malheureusement, leurs droits ne sont pas toujours bien prot\u00e9g\u00e9s et m\u00eame parfois, quand ils d\u00e9noncent des situations inhumaines et cruelles, ils ne sont pas entendus. Et pourtant, parfois dans le monde entier, des millions d\u2019enfants lancent un cri de d\u00e9sespoir. Un cri de douleur. Mais beaucoup de personnes font les sourds, jouent aux aveugles\u00a0; et m\u00eame parfois, ce sont nos familles, nos amis qui ne r\u00e9agissent pas.<\/p>\t\t\t\t\t\t\t\t<\/div>\n\t\t\t\t<\/div>\n\t\t\t\t<div class=\"elementor-element elementor-element-3e936bf elementor-widget elementor-widget-text-editor\" data-id=\"3e936bf\" data-element_type=\"widget\" data-widget_type=\"text-editor.default\">\n\t\t\t\t<div class=\"elementor-widget-container\">\n\t\t\t\t\t\t\t\t\t<p style=\"text-align: justify;\">Partout dans ce monde, on trouve des personnes valides et handicap\u00e9es. Malheureusement, quand on est une personne aveugle, sourde et muette, attard\u00e9e mentale ou autre, les personnes valides nous font sentir que \u00a0\u00ab\u00a0nous ne m\u00e9ritons pas de vivre\u00a0\u00bb. C\u2019est ce que pensent beaucoup de gens. M\u00eame s\u2019ils font semblant de nous accepter, on sent bien qu\u2019au fond d\u2019eux, ce n\u2019est pas ce qu\u2019ils pensent. S\u2019ils peuvent nous \u00e9viter, nous ignorer ou \u2013 pire &#8211; \u00a0nous faire du mal, s\u2019ils pouvaient nous enfermer quelque part pour qu\u2019on arr\u00eate de les importuner, beaucoup de personnes se sentiraient plus heureux. Ils n\u2019arr\u00eatent pas de dire que le handicap \u00e9volue, <span style=\"color: #fc83e4;\">que les personnes handicap\u00e9es commencent \u00e0 \u00eatre accept\u00e9es mais c\u2019est faux\u00a0!<\/span><\/p>\t\t\t\t\t\t\t\t<\/div>\n\t\t\t\t<\/div>\n\t\t\t\t<div class=\"elementor-element elementor-element-bf9327f elementor-widget elementor-widget-text-editor\" data-id=\"bf9327f\" data-element_type=\"widget\" data-widget_type=\"text-editor.default\">\n\t\t\t\t<div class=\"elementor-widget-container\">\n\t\t\t\t\t\t\t\t\t<p style=\"text-align: justify;\">Aujourd\u2019hui, un enfant handicap\u00e9, sourd, muet,\u00a0aveugle ou m\u00eame sur un fauteuil roulant subira parfois de la m\u00e9chancet\u00e9 de la part de ses camarades d\u2019\u00e9cole alors que tout ce qu\u2019il demande c\u2019est d\u2019\u00eatre accept\u00e9 et avoir les m\u00eames droits que les autres, avoir des amis valides pour leur montrer que le handicap n\u2019est rien d\u2019autre qu\u2019<span style=\"color: #ff0000;\">une d\u00e9formation de la nature.<\/span><\/p>\t\t\t\t\t\t\t\t<\/div>\n\t\t\t\t<\/div>\n\t\t\t\t\t<\/div>\n\t\t<\/div>\n\t\t\t\t<div class=\"elementor-column elementor-col-50 elementor-inner-column elementor-element elementor-element-38456aa9\" data-id=\"38456aa9\" data-element_type=\"column\">\n\t\t\t<div class=\"elementor-widget-wrap elementor-element-populated\">\n\t\t\t\t\t\t<div class=\"elementor-element elementor-element-b6a4444 elementor-widget elementor-widget-spacer\" data-id=\"b6a4444\" data-element_type=\"widget\" data-widget_type=\"spacer.default\">\n\t\t\t\t<div class=\"elementor-widget-container\">\n\t\t\t\t\t\t\t<div class=\"elementor-spacer\">\n\t\t\t<div class=\"elementor-spacer-inner\"><\/div>\n\t\t<\/div>\n\t\t\t\t\t\t<\/div>\n\t\t\t\t<\/div>\n\t\t\t\t<div class=\"elementor-element elementor-element-f8b0d0f elementor-widget elementor-widget-text-editor\" data-id=\"f8b0d0f\" data-element_type=\"widget\" data-widget_type=\"text-editor.default\">\n\t\t\t\t<div class=\"elementor-widget-container\">\n\t\t\t\t\t\t\t\t\t<p style=\"text-align: justify;\">L\u2019association <strong>SOS Madison International <\/strong>veut changer tout cela dans le monde en collaborant avec d\u2019autres associations, \u00a0fondations et organismes ou personnes de bonne volont\u00e9.<\/p>\t\t\t\t\t\t\t\t<\/div>\n\t\t\t\t<\/div>\n\t\t\t\t<div class=\"elementor-element elementor-element-6562128 elementor-widget elementor-widget-text-editor\" data-id=\"6562128\" data-element_type=\"widget\" data-widget_type=\"text-editor.default\">\n\t\t\t\t<div class=\"elementor-widget-container\">\n\t\t\t\t\t\t\t\t\t<p style=\"text-align: justify;\">L\u2019association <strong>SOS Madison International <\/strong>est scandalis\u00e9e du retard concernant le handicap en France et dans le monde. Beaucoup trop d\u2019\u00e9coles ne respectent pas les lois concernant le droit \u00e0 la scolarit\u00e9 des enfants handicap\u00e9s. Trop de lieux recevant du public ne sont pas encore accessibles aux personnes handicap\u00e9es.<\/p>\t\t\t\t\t\t\t\t<\/div>\n\t\t\t\t<\/div>\n\t\t\t\t<div class=\"elementor-element elementor-element-3c369e4 elementor-widget elementor-widget-text-editor\" data-id=\"3c369e4\" data-element_type=\"widget\" data-widget_type=\"text-editor.default\">\n\t\t\t\t<div class=\"elementor-widget-container\">\n\t\t\t\t\t\t\t\t\t<p style=\"text-align: justify;\"><strong>SOS Madison International\u00a0 <\/strong>est tout aussi choqu\u00e9e que souvent les banques refusent d\u2019accorder des pr\u00eats aux personnes handicap\u00e9s ou malades. C\u2019est un peu comme si elles disaient : \u00ab\u00a0On ne peut pas vous pr\u00eater de l\u2019argent car <span style=\"color: #ff6600;\">on ne sait pas quand vous allez mourir<\/span>\u00a0\u00bb. Une chose que les banques refusent de dire aux personnes handicap\u00e9es, c\u2019est que les assurances refusent tous les dossiers des \u00a0personnes invalides. Car malheureusement, quand on est handicap\u00e9, on ne peut pas emprunter \u00e0 la banque. Exemple\u00a0: toucher la pension d\u2019invalidit\u00e9 nous ferme les portes \u00e0 tous les cr\u00e9dits. Un autre exemple tr\u00e8s important et grave\u00a0: l\u2019immobilier en France. Les propri\u00e9taires ont du mal \u00e0 louer leurs biens \u00e0 des personnes handicap\u00e9es.<\/p>\t\t\t\t\t\t\t\t<\/div>\n\t\t\t\t<\/div>\n\t\t\t\t<div class=\"elementor-element elementor-element-704e565 elementor-widget elementor-widget-text-editor\" data-id=\"704e565\" data-element_type=\"widget\" data-widget_type=\"text-editor.default\">\n\t\t\t\t<div class=\"elementor-widget-container\">\n\t\t\t\t\t\t\t\t\t<p>Notre association veut aussi se battre pour qu\u2019enfin dans le continent africain, les personnes handicap\u00e9es ne soient plus rejet\u00e9es : qu\u2019elles aient les m\u00eames droits que les valides et m\u00eame des aides de l\u2019\u00c9tat. Nous voulons aussi que le monde artistique s\u2019ouvre enfin \u00e0 tous, y compris aux personnes\u00a0 handicap\u00e9es. Car avoir un handicap, \u00e7a n\u2019emp\u00eache pas de faire de belles choses. Avec notre association, nous souhaitons vraiment faire bouger ces deux causes : l\u2019enfance et le handicap en travaillant en partenariat avec d\u2019autres ONG.<\/p>\t\t\t\t\t\t\t\t<\/div>\n\t\t\t\t<\/div>\n\t\t\t\t\t<\/div>\n\t\t<\/div>\n\t\t\t\t\t<\/div>\n\t\t<\/section>\n\t\t\t\t\t<\/div>\n\t\t<\/div>\n\t\t\t\t\t<\/div>\n\t\t<\/section>\n\t\t\t\t<\/div>\n\t\t","protected":false},"excerpt":{"rendered":"<p>QUI SOMMES-NOUS ? Le combat de l\u2019association SOS Madison International a pour but de faire bouger les choses dans le monde, faire prendre conscience que ce qui arrive aux enfants dans nos soci\u00e9t\u00e9s n\u2019est pas toujours normal, donner \u00e0 voir cette injustice que personne ne veut voir, que personne ne veut entendre. C\u2019est tellement plus &hellip;<\/p>\n<p class=\"read-more\"> <a class=\"\" href=\"https:\/\/sosmadisoninternational.org\/fr\/qui-sommes-nous\/\"> <span class=\"screen-reader-text\">Qui sommes-nous ?<\/span> Lire la suite\u00a0\u00bb<\/a><\/p>\n","protected":false},"author":3,"featured_media":0,"parent":0,"menu_order":0,"comment_status":"closed","ping_status":"closed","template":"","meta":{"_monsterinsights_skip_tracking":false,"_monsterinsights_sitenote_active":false,"_monsterinsights_sitenote_note":"","_monsterinsights_sitenote_category":0,"site-sidebar-layout":"no-sidebar","site-content-layout":"page-builder","ast-global-header-display":"","ast-main-header-display":"","ast-hfb-above-header-display":"","ast-hfb-below-header-display":"","ast-hfb-mobile-header-display":"","site-post-title":"disabled","ast-breadcrumbs-content":"","ast-featured-img":"disabled","footer-sml-layout":"","theme-transparent-header-meta":"default","adv-header-id-meta":"","stick-header-meta":"","header-above-stick-meta":"","header-main-stick-meta":"","header-below-stick-meta":"","footnotes":""},"class_list":["post-2701","page","type-page","status-publish","hentry"],"yoast_head":"<!-- This site is optimized with the Yoast SEO plugin v27.5 - https:\/\/yoast.com\/product\/yoast-seo-wordpress\/ -->\n<title>Qui sommes-nous ? - SOS Madison International<\/title>\n<meta name=\"robots\" content=\"index, follow, max-snippet:-1, max-image-preview:large, max-video-preview:-1\" \/>\n<link rel=\"canonical\" href=\"https:\/\/sosmadisoninternational.org\/fr\/qui-sommes-nous\/\" \/>\n<meta property=\"og:locale\" content=\"fr_FR\" \/>\n<meta property=\"og:type\" content=\"article\" \/>\n<meta property=\"og:title\" content=\"Qui sommes-nous ? - SOS Madison International\" \/>\n<meta property=\"og:description\" content=\"QUI SOMMES-NOUS ? Le combat de l\u2019association SOS Madison International a pour but de faire bouger les choses dans le monde, faire prendre conscience que ce qui arrive aux enfants dans nos soci\u00e9t\u00e9s n\u2019est pas toujours normal, donner \u00e0 voir cette injustice que personne ne veut voir, que personne ne veut entendre. C\u2019est tellement plus &hellip; Qui sommes-nous ? Lire la suite\u00a0\u00bb\" \/>\n<meta property=\"og:url\" content=\"https:\/\/sosmadisoninternational.org\/fr\/qui-sommes-nous\/\" \/>\n<meta property=\"og:site_name\" content=\"SOS Madison International\" \/>\n<meta property=\"article:modified_time\" content=\"2024-03-25T07:57:44+00:00\" \/>\n<meta name=\"twitter:card\" content=\"summary_large_image\" \/>\n<meta name=\"twitter:label1\" content=\"Dur\u00e9e de lecture estim\u00e9e\" \/>\n\t<meta name=\"twitter:data1\" content=\"3 minutes\" \/>\n<script type=\"application\/ld+json\" class=\"yoast-schema-graph\">{\"@context\":\"https:\\\/\\\/schema.org\",\"@graph\":[{\"@type\":\"WebPage\",\"@id\":\"https:\\\/\\\/sosmadisoninternational.org\\\/fr\\\/qui-sommes-nous\\\/\",\"url\":\"https:\\\/\\\/sosmadisoninternational.org\\\/fr\\\/qui-sommes-nous\\\/\",\"name\":\"Qui sommes-nous ? - SOS Madison International\",\"isPartOf\":{\"@id\":\"https:\\\/\\\/sosmadisoninternational.org\\\/fr\\\/#website\"},\"datePublished\":\"2021-05-31T15:42:05+00:00\",\"dateModified\":\"2024-03-25T07:57:44+00:00\",\"breadcrumb\":{\"@id\":\"https:\\\/\\\/sosmadisoninternational.org\\\/fr\\\/qui-sommes-nous\\\/#breadcrumb\"},\"inLanguage\":\"fr-FR\",\"potentialAction\":[{\"@type\":\"ReadAction\",\"target\":[\"https:\\\/\\\/sosmadisoninternational.org\\\/fr\\\/qui-sommes-nous\\\/\"]}]},{\"@type\":\"BreadcrumbList\",\"@id\":\"https:\\\/\\\/sosmadisoninternational.org\\\/fr\\\/qui-sommes-nous\\\/#breadcrumb\",\"itemListElement\":[{\"@type\":\"ListItem\",\"position\":1,\"name\":\"Home\",\"item\":\"https:\\\/\\\/sosmadisoninternational.org\\\/en\\\/\"},{\"@type\":\"ListItem\",\"position\":2,\"name\":\"Qui sommes-nous ?\"}]},{\"@type\":\"WebSite\",\"@id\":\"https:\\\/\\\/sosmadisoninternational.org\\\/fr\\\/#website\",\"url\":\"https:\\\/\\\/sosmadisoninternational.org\\\/fr\\\/\",\"name\":\"SOS Madison International\",\"description\":\"\",\"publisher\":{\"@id\":\"https:\\\/\\\/sosmadisoninternational.org\\\/fr\\\/#organization\"},\"potentialAction\":[{\"@type\":\"SearchAction\",\"target\":{\"@type\":\"EntryPoint\",\"urlTemplate\":\"https:\\\/\\\/sosmadisoninternational.org\\\/fr\\\/?s={search_term_string}\"},\"query-input\":{\"@type\":\"PropertyValueSpecification\",\"valueRequired\":true,\"valueName\":\"search_term_string\"}}],\"inLanguage\":\"fr-FR\"},{\"@type\":\"Organization\",\"@id\":\"https:\\\/\\\/sosmadisoninternational.org\\\/fr\\\/#organization\",\"name\":\"SOS Madison International\",\"url\":\"https:\\\/\\\/sosmadisoninternational.org\\\/fr\\\/\",\"logo\":{\"@type\":\"ImageObject\",\"inLanguage\":\"fr-FR\",\"@id\":\"https:\\\/\\\/sosmadisoninternational.org\\\/fr\\\/#\\\/schema\\\/logo\\\/image\\\/\",\"url\":\"https:\\\/\\\/i0.wp.com\\\/sosmadisoninternational.org\\\/wp-content\\\/uploads\\\/2022\\\/01\\\/SOS-Madison-International-Fond-transparent-2.jpeg?fit=700%2C700&ssl=1\",\"contentUrl\":\"https:\\\/\\\/i0.wp.com\\\/sosmadisoninternational.org\\\/wp-content\\\/uploads\\\/2022\\\/01\\\/SOS-Madison-International-Fond-transparent-2.jpeg?fit=700%2C700&ssl=1\",\"width\":700,\"height\":700,\"caption\":\"SOS Madison International\"},\"image\":{\"@id\":\"https:\\\/\\\/sosmadisoninternational.org\\\/fr\\\/#\\\/schema\\\/logo\\\/image\\\/\"}}]}<\/script>\n<!-- \/ Yoast SEO plugin. -->","yoast_head_json":{"title":"Qui sommes-nous ? - SOS Madison International","robots":{"index":"index","follow":"follow","max-snippet":"max-snippet:-1","max-image-preview":"max-image-preview:large","max-video-preview":"max-video-preview:-1"},"canonical":"https:\/\/sosmadisoninternational.org\/fr\/qui-sommes-nous\/","og_locale":"fr_FR","og_type":"article","og_title":"Qui sommes-nous ? - SOS Madison International","og_description":"QUI SOMMES-NOUS ? Le combat de l\u2019association SOS Madison International a pour but de faire bouger les choses dans le monde, faire prendre conscience que ce qui arrive aux enfants dans nos soci\u00e9t\u00e9s n\u2019est pas toujours normal, donner \u00e0 voir cette injustice que personne ne veut voir, que personne ne veut entendre. C\u2019est tellement plus &hellip; Qui sommes-nous ? Lire la suite\u00a0\u00bb","og_url":"https:\/\/sosmadisoninternational.org\/fr\/qui-sommes-nous\/","og_site_name":"SOS Madison International","article_modified_time":"2024-03-25T07:57:44+00:00","twitter_card":"summary_large_image","twitter_misc":{"Dur\u00e9e de lecture estim\u00e9e":"3 minutes"},"schema":{"@context":"https:\/\/schema.org","@graph":[{"@type":"WebPage","@id":"https:\/\/sosmadisoninternational.org\/fr\/qui-sommes-nous\/","url":"https:\/\/sosmadisoninternational.org\/fr\/qui-sommes-nous\/","name":"Qui sommes-nous ? - SOS Madison International","isPartOf":{"@id":"https:\/\/sosmadisoninternational.org\/fr\/#website"},"datePublished":"2021-05-31T15:42:05+00:00","dateModified":"2024-03-25T07:57:44+00:00","breadcrumb":{"@id":"https:\/\/sosmadisoninternational.org\/fr\/qui-sommes-nous\/#breadcrumb"},"inLanguage":"fr-FR","potentialAction":[{"@type":"ReadAction","target":["https:\/\/sosmadisoninternational.org\/fr\/qui-sommes-nous\/"]}]},{"@type":"BreadcrumbList","@id":"https:\/\/sosmadisoninternational.org\/fr\/qui-sommes-nous\/#breadcrumb","itemListElement":[{"@type":"ListItem","position":1,"name":"Home","item":"https:\/\/sosmadisoninternational.org\/en\/"},{"@type":"ListItem","position":2,"name":"Qui sommes-nous ?"}]},{"@type":"WebSite","@id":"https:\/\/sosmadisoninternational.org\/fr\/#website","url":"https:\/\/sosmadisoninternational.org\/fr\/","name":"SOS Madison International","description":"","publisher":{"@id":"https:\/\/sosmadisoninternational.org\/fr\/#organization"},"potentialAction":[{"@type":"SearchAction","target":{"@type":"EntryPoint","urlTemplate":"https:\/\/sosmadisoninternational.org\/fr\/?s={search_term_string}"},"query-input":{"@type":"PropertyValueSpecification","valueRequired":true,"valueName":"search_term_string"}}],"inLanguage":"fr-FR"},{"@type":"Organization","@id":"https:\/\/sosmadisoninternational.org\/fr\/#organization","name":"SOS Madison International","url":"https:\/\/sosmadisoninternational.org\/fr\/","logo":{"@type":"ImageObject","inLanguage":"fr-FR","@id":"https:\/\/sosmadisoninternational.org\/fr\/#\/schema\/logo\/image\/","url":"https:\/\/i0.wp.com\/sosmadisoninternational.org\/wp-content\/uploads\/2022\/01\/SOS-Madison-International-Fond-transparent-2.jpeg?fit=700%2C700&ssl=1","contentUrl":"https:\/\/i0.wp.com\/sosmadisoninternational.org\/wp-content\/uploads\/2022\/01\/SOS-Madison-International-Fond-transparent-2.jpeg?fit=700%2C700&ssl=1","width":700,"height":700,"caption":"SOS Madison International"},"image":{"@id":"https:\/\/sosmadisoninternational.org\/fr\/#\/schema\/logo\/image\/"}}]}},"_links":{"self":[{"href":"https:\/\/sosmadisoninternational.org\/fr\/wp-json\/wp\/v2\/pages\/2701","targetHints":{"allow":["GET"]}}],"collection":[{"href":"https:\/\/sosmadisoninternational.org\/fr\/wp-json\/wp\/v2\/pages"}],"about":[{"href":"https:\/\/sosmadisoninternational.org\/fr\/wp-json\/wp\/v2\/types\/page"}],"author":[{"embeddable":true,"href":"https:\/\/sosmadisoninternational.org\/fr\/wp-json\/wp\/v2\/users\/3"}],"replies":[{"embeddable":true,"href":"https:\/\/sosmadisoninternational.org\/fr\/wp-json\/wp\/v2\/comments?post=2701"}],"version-history":[{"count":3,"href":"https:\/\/sosmadisoninternational.org\/fr\/wp-json\/wp\/v2\/pages\/2701\/revisions"}],"predecessor-version":[{"id":4722,"href":"https:\/\/sosmadisoninternational.org\/fr\/wp-json\/wp\/v2\/pages\/2701\/revisions\/4722"}],"wp:attachment":[{"href":"https:\/\/sosmadisoninternational.org\/fr\/wp-json\/wp\/v2\/media?parent=2701"}],"curies":[{"name":"wp","href":"https:\/\/api.w.org\/{rel}","templated":true}]}}