{"id":2685,"date":"2021-05-17T12:40:18","date_gmt":"2021-05-17T12:40:18","guid":{"rendered":"https:\/\/sosmadisoninternational.org\/?page_id=2685"},"modified":"2022-04-03T09:21:13","modified_gmt":"2022-04-03T09:21:13","slug":"chiffres-clefs","status":"publish","type":"page","link":"https:\/\/sosmadisoninternational.org\/fr\/chiffres-clefs\/","title":{"rendered":"Chiffres clefs"},"content":{"rendered":"\t\t<div data-elementor-type=\"wp-page\" data-elementor-id=\"2685\" class=\"elementor elementor-2685\">\n\t\t\t\t\t\t<section class=\"elementor-section elementor-top-section elementor-element elementor-element-5332e33 elementor-section-height-min-height elementor-section-boxed elementor-section-height-default elementor-section-items-middle\" data-id=\"5332e33\" data-element_type=\"section\" data-settings=\"{&quot;background_background&quot;:&quot;classic&quot;}\">\n\t\t\t\t\t\t<div class=\"elementor-container elementor-column-gap-default\">\n\t\t\t\t\t<div class=\"elementor-column elementor-col-100 elementor-top-column elementor-element elementor-element-503303d\" data-id=\"503303d\" data-element_type=\"column\">\n\t\t\t<div class=\"elementor-widget-wrap elementor-element-populated\">\n\t\t\t\t\t\t<div class=\"elementor-element elementor-element-ce40d39 elementor-widget elementor-widget-heading\" data-id=\"ce40d39\" data-element_type=\"widget\" data-widget_type=\"heading.default\">\n\t\t\t\t<div class=\"elementor-widget-container\">\n\t\t\t\t\t<h2 class=\"elementor-heading-title elementor-size-default\">chiffres clefs<\/h2>\t\t\t\t<\/div>\n\t\t\t\t<\/div>\n\t\t\t\t\t<\/div>\n\t\t<\/div>\n\t\t\t\t\t<\/div>\n\t\t<\/section>\n\t\t\t\t<section class=\"elementor-section elementor-top-section elementor-element elementor-element-ee032a2 elementor-section-full_width elementor-section-stretched elementor-section-height-default elementor-section-height-default\" data-id=\"ee032a2\" data-element_type=\"section\" data-settings=\"{&quot;stretch_section&quot;:&quot;section-stretched&quot;}\">\n\t\t\t\t\t\t<div class=\"elementor-container elementor-column-gap-default\">\n\t\t\t\t\t<div class=\"elementor-column elementor-col-100 elementor-top-column elementor-element elementor-element-a06b489\" data-id=\"a06b489\" data-element_type=\"column\">\n\t\t\t<div class=\"elementor-widget-wrap elementor-element-populated\">\n\t\t\t\t\t\t<section class=\"elementor-section elementor-inner-section elementor-element elementor-element-a641dc8 elementor-section-full_width elementor-section-height-default elementor-section-height-default\" data-id=\"a641dc8\" data-element_type=\"section\" data-settings=\"{&quot;background_background&quot;:&quot;classic&quot;}\">\n\t\t\t\t\t\t<div class=\"elementor-container elementor-column-gap-no\">\n\t\t\t\t\t<div class=\"elementor-column elementor-col-100 elementor-inner-column elementor-element elementor-element-fc94f42\" data-id=\"fc94f42\" data-element_type=\"column\">\n\t\t\t<div class=\"elementor-widget-wrap elementor-element-populated\">\n\t\t\t\t\t\t<div class=\"elementor-element elementor-element-874a07a elementor-widget elementor-widget-heading\" data-id=\"874a07a\" data-element_type=\"widget\" data-widget_type=\"heading.default\">\n\t\t\t\t<div class=\"elementor-widget-container\">\n\t\t\t\t\t<h2 class=\"elementor-heading-title elementor-size-default\">Chiffres clefs sur l\u2019abus des enfants dans le monde :\n<\/h2>\t\t\t\t<\/div>\n\t\t\t\t<\/div>\n\t\t\t\t<div class=\"elementor-element elementor-element-676f6d7 elementor-widget elementor-widget-text-editor\" data-id=\"676f6d7\" data-element_type=\"widget\" data-widget_type=\"text-editor.default\">\n\t\t\t\t<div class=\"elementor-widget-container\">\n\t\t\t\t\t\t\t\t\t<ul>\n \t<li>86% des enfants \u00e2g\u00e9s de 2 \u00e0 14 ans subissent des punitions corporelles et sont abus\u00e9s psychologiquement (UNICEF) ;<\/li>\n \t<li>10% des enfants sont abus\u00e9s dans les pays d\u00e9velopp\u00e9s (The Lancet) ;<\/li>\n \t<li>155 000 enfants \u00e2g\u00e9s de moins de 15 ans meurent d\u2019abus chaque ann\u00e9e (UNICEF) ;<\/li>\n \t<li>34 000 enfants de moins de 15 ans sont victimes d\u2019homicides chaque ann\u00e9e (WHO) ;<\/li>\n \t<li>Au moins la moiti\u00e9s des enfants dans le monde ont \u00e9t\u00e9 victimes de violences physiques avant l\u2019\u00e2ge de 8 ans ;<\/li>\n \t<li>Plus de 160 millions d\u2019enfants travaillent, parmi eux, 85 millions sont exploit\u00e9s dans des travaux dangereux ;<\/li>\n \t<li>En 2002, 200 millions d\u2019enfants ont \u00e9t\u00e9 victimes d\u2019abus sexuels.<\/li>\n<\/ul>\t\t\t\t\t\t\t\t<\/div>\n\t\t\t\t<\/div>\n\t\t\t\t\t<\/div>\n\t\t<\/div>\n\t\t\t\t\t<\/div>\n\t\t<\/section>\n\t\t\t\t<section class=\"elementor-section elementor-inner-section elementor-element elementor-element-c90bea4 elementor-section-full_width elementor-section-height-default elementor-section-height-default\" data-id=\"c90bea4\" data-element_type=\"section\" data-settings=\"{&quot;background_background&quot;:&quot;classic&quot;}\">\n\t\t\t\t\t\t<div class=\"elementor-container elementor-column-gap-no\">\n\t\t\t\t\t<div class=\"elementor-column elementor-col-100 elementor-inner-column elementor-element elementor-element-9ed757f\" data-id=\"9ed757f\" data-element_type=\"column\">\n\t\t\t<div class=\"elementor-widget-wrap elementor-element-populated\">\n\t\t\t\t\t\t<div class=\"elementor-element elementor-element-0e88c0b elementor-widget elementor-widget-heading\" data-id=\"0e88c0b\" data-element_type=\"widget\" data-widget_type=\"heading.default\">\n\t\t\t\t<div class=\"elementor-widget-container\">\n\t\t\t\t\t<h2 class=\"elementor-heading-title elementor-size-default\">Analyse compar\u00e9e sur les abus d\u2019enfants dans les pays riches :<\/h2>\t\t\t\t<\/div>\n\t\t\t\t<\/div>\n\t\t\t\t<div class=\"elementor-element elementor-element-00805f2 elementor-widget elementor-widget-text-editor\" data-id=\"00805f2\" data-element_type=\"widget\" data-widget_type=\"text-editor.default\">\n\t\t\t\t<div class=\"elementor-widget-container\">\n\t\t\t\t\t\t\t\t\t<p>L\u2019UNICEF estime qu\u2019au moins 3500 enfants de moins de 15 ans meurent \u00e0 cause de violences physiques et de n\u00e9gligences chaque ann\u00e9e dans les pays industrialis\u00e9s. Les enfants les plus jeunes encourent des risques plus importants.<\/p><p>Un petit groupe de pays &#8211; Espagne, Gr\u00e8ce, Italie, Irlande et Norv\u00e8ge &#8211; semblent avoir un taux exceptionnellement bas de mortalit\u00e9 infantile d\u00fb \u00e0 des mauvais traitements. La Belgique, la France, la Hongrie, la Nouvelle-Z\u00e9lande, la R\u00e9publique Tch\u00e8que ont un taux de mortalit\u00e9 suite \u00e0 des maltraitances six fois plus \u00e9lev\u00e9. Les \u00c9tats-Unis, le Mexique et le Portugal ont un taux quinze fois plus \u00e9lev\u00e9.<\/p>\t\t\t\t\t\t\t\t<\/div>\n\t\t\t\t<\/div>\n\t\t\t\t\t<\/div>\n\t\t<\/div>\n\t\t\t\t\t<\/div>\n\t\t<\/section>\n\t\t\t\t\t<\/div>\n\t\t<\/div>\n\t\t\t\t\t<\/div>\n\t\t<\/section>\n\t\t\t\t<\/div>\n\t\t","protected":false},"excerpt":{"rendered":"<p>chiffres clefs Chiffres clefs sur l\u2019abus des enfants dans le monde : 86% des enfants \u00e2g\u00e9s de 2 \u00e0 14 ans subissent des punitions corporelles et sont abus\u00e9s psychologiquement (UNICEF) ; 10% des enfants sont abus\u00e9s dans les pays d\u00e9velopp\u00e9s (The Lancet) ; 155 000 enfants \u00e2g\u00e9s de moins de 15 ans meurent d\u2019abus chaque &hellip;<\/p>\n<p class=\"read-more\"> <a class=\"\" href=\"https:\/\/sosmadisoninternational.org\/fr\/chiffres-clefs\/\"> <span class=\"screen-reader-text\">Chiffres clefs<\/span> Lire la suite\u00a0\u00bb<\/a><\/p>\n","protected":false},"author":3,"featured_media":0,"parent":0,"menu_order":0,"comment_status":"closed","ping_status":"closed","template":"elementor_header_footer","meta":{"_monsterinsights_skip_tracking":false,"_monsterinsights_sitenote_active":false,"_monsterinsights_sitenote_note":"","_monsterinsights_sitenote_category":0,"site-sidebar-layout":"no-sidebar","site-content-layout":"page-builder","ast-global-header-display":"","ast-main-header-display":"","ast-hfb-above-header-display":"","ast-hfb-below-header-display":"","ast-hfb-mobile-header-display":"","site-post-title":"disabled","ast-breadcrumbs-content":"","ast-featured-img":"disabled","footer-sml-layout":"","theme-transparent-header-meta":"","adv-header-id-meta":"","stick-header-meta":"","header-above-stick-meta":"","header-main-stick-meta":"","header-below-stick-meta":"","footnotes":""},"class_list":["post-2685","page","type-page","status-publish","hentry"],"yoast_head":"<!-- This site is optimized with the Yoast SEO plugin v27.5 - https:\/\/yoast.com\/product\/yoast-seo-wordpress\/ -->\n<title>Chiffres clefs - SOS Madison International<\/title>\n<meta name=\"robots\" content=\"index, follow, max-snippet:-1, max-image-preview:large, max-video-preview:-1\" \/>\n<link rel=\"canonical\" href=\"https:\/\/sosmadisoninternational.org\/fr\/chiffres-clefs\/\" \/>\n<meta property=\"og:locale\" content=\"fr_FR\" \/>\n<meta property=\"og:type\" content=\"article\" \/>\n<meta property=\"og:title\" content=\"Chiffres clefs - SOS Madison International\" \/>\n<meta property=\"og:description\" content=\"chiffres clefs Chiffres clefs sur l\u2019abus des enfants dans le monde : 86% des enfants \u00e2g\u00e9s de 2 \u00e0 14 ans subissent des punitions corporelles et sont abus\u00e9s psychologiquement (UNICEF) ; 10% des enfants sont abus\u00e9s dans les pays d\u00e9velopp\u00e9s (The Lancet) ; 155 000 enfants \u00e2g\u00e9s de moins de 15 ans meurent d\u2019abus chaque &hellip; Chiffres clefs Lire la suite\u00a0\u00bb\" \/>\n<meta property=\"og:url\" content=\"https:\/\/sosmadisoninternational.org\/fr\/chiffres-clefs\/\" \/>\n<meta property=\"og:site_name\" content=\"SOS Madison International\" \/>\n<meta property=\"article:modified_time\" content=\"2022-04-03T09:21:13+00:00\" \/>\n<meta name=\"twitter:card\" content=\"summary_large_image\" \/>\n<meta name=\"twitter:label1\" content=\"Dur\u00e9e de lecture estim\u00e9e\" \/>\n\t<meta name=\"twitter:data1\" content=\"1 minute\" \/>\n<script type=\"application\/ld+json\" class=\"yoast-schema-graph\">{\"@context\":\"https:\\\/\\\/schema.org\",\"@graph\":[{\"@type\":\"WebPage\",\"@id\":\"https:\\\/\\\/sosmadisoninternational.org\\\/fr\\\/chiffres-clefs\\\/\",\"url\":\"https:\\\/\\\/sosmadisoninternational.org\\\/fr\\\/chiffres-clefs\\\/\",\"name\":\"Chiffres clefs - SOS Madison International\",\"isPartOf\":{\"@id\":\"https:\\\/\\\/sosmadisoninternational.org\\\/fr\\\/#website\"},\"datePublished\":\"2021-05-17T12:40:18+00:00\",\"dateModified\":\"2022-04-03T09:21:13+00:00\",\"breadcrumb\":{\"@id\":\"https:\\\/\\\/sosmadisoninternational.org\\\/fr\\\/chiffres-clefs\\\/#breadcrumb\"},\"inLanguage\":\"fr-FR\",\"potentialAction\":[{\"@type\":\"ReadAction\",\"target\":[\"https:\\\/\\\/sosmadisoninternational.org\\\/fr\\\/chiffres-clefs\\\/\"]}]},{\"@type\":\"BreadcrumbList\",\"@id\":\"https:\\\/\\\/sosmadisoninternational.org\\\/fr\\\/chiffres-clefs\\\/#breadcrumb\",\"itemListElement\":[{\"@type\":\"ListItem\",\"position\":1,\"name\":\"Home\",\"item\":\"https:\\\/\\\/sosmadisoninternational.org\\\/en\\\/\"},{\"@type\":\"ListItem\",\"position\":2,\"name\":\"Chiffres clefs\"}]},{\"@type\":\"WebSite\",\"@id\":\"https:\\\/\\\/sosmadisoninternational.org\\\/fr\\\/#website\",\"url\":\"https:\\\/\\\/sosmadisoninternational.org\\\/fr\\\/\",\"name\":\"SOS Madison International\",\"description\":\"\",\"publisher\":{\"@id\":\"https:\\\/\\\/sosmadisoninternational.org\\\/fr\\\/#organization\"},\"potentialAction\":[{\"@type\":\"SearchAction\",\"target\":{\"@type\":\"EntryPoint\",\"urlTemplate\":\"https:\\\/\\\/sosmadisoninternational.org\\\/fr\\\/?s={search_term_string}\"},\"query-input\":{\"@type\":\"PropertyValueSpecification\",\"valueRequired\":true,\"valueName\":\"search_term_string\"}}],\"inLanguage\":\"fr-FR\"},{\"@type\":\"Organization\",\"@id\":\"https:\\\/\\\/sosmadisoninternational.org\\\/fr\\\/#organization\",\"name\":\"SOS Madison International\",\"url\":\"https:\\\/\\\/sosmadisoninternational.org\\\/fr\\\/\",\"logo\":{\"@type\":\"ImageObject\",\"inLanguage\":\"fr-FR\",\"@id\":\"https:\\\/\\\/sosmadisoninternational.org\\\/fr\\\/#\\\/schema\\\/logo\\\/image\\\/\",\"url\":\"https:\\\/\\\/i0.wp.com\\\/sosmadisoninternational.org\\\/wp-content\\\/uploads\\\/2022\\\/01\\\/SOS-Madison-International-Fond-transparent-2.jpeg?fit=700%2C700&ssl=1\",\"contentUrl\":\"https:\\\/\\\/i0.wp.com\\\/sosmadisoninternational.org\\\/wp-content\\\/uploads\\\/2022\\\/01\\\/SOS-Madison-International-Fond-transparent-2.jpeg?fit=700%2C700&ssl=1\",\"width\":700,\"height\":700,\"caption\":\"SOS Madison International\"},\"image\":{\"@id\":\"https:\\\/\\\/sosmadisoninternational.org\\\/fr\\\/#\\\/schema\\\/logo\\\/image\\\/\"}}]}<\/script>\n<!-- \/ Yoast SEO plugin. -->","yoast_head_json":{"title":"Chiffres clefs - SOS Madison International","robots":{"index":"index","follow":"follow","max-snippet":"max-snippet:-1","max-image-preview":"max-image-preview:large","max-video-preview":"max-video-preview:-1"},"canonical":"https:\/\/sosmadisoninternational.org\/fr\/chiffres-clefs\/","og_locale":"fr_FR","og_type":"article","og_title":"Chiffres clefs - SOS Madison International","og_description":"chiffres clefs Chiffres clefs sur l\u2019abus des enfants dans le monde : 86% des enfants \u00e2g\u00e9s de 2 \u00e0 14 ans subissent des punitions corporelles et sont abus\u00e9s psychologiquement (UNICEF) ; 10% des enfants sont abus\u00e9s dans les pays d\u00e9velopp\u00e9s (The Lancet) ; 155 000 enfants \u00e2g\u00e9s de moins de 15 ans meurent d\u2019abus chaque &hellip; Chiffres clefs Lire la suite\u00a0\u00bb","og_url":"https:\/\/sosmadisoninternational.org\/fr\/chiffres-clefs\/","og_site_name":"SOS Madison International","article_modified_time":"2022-04-03T09:21:13+00:00","twitter_card":"summary_large_image","twitter_misc":{"Dur\u00e9e de lecture estim\u00e9e":"1 minute"},"schema":{"@context":"https:\/\/schema.org","@graph":[{"@type":"WebPage","@id":"https:\/\/sosmadisoninternational.org\/fr\/chiffres-clefs\/","url":"https:\/\/sosmadisoninternational.org\/fr\/chiffres-clefs\/","name":"Chiffres clefs - SOS Madison International","isPartOf":{"@id":"https:\/\/sosmadisoninternational.org\/fr\/#website"},"datePublished":"2021-05-17T12:40:18+00:00","dateModified":"2022-04-03T09:21:13+00:00","breadcrumb":{"@id":"https:\/\/sosmadisoninternational.org\/fr\/chiffres-clefs\/#breadcrumb"},"inLanguage":"fr-FR","potentialAction":[{"@type":"ReadAction","target":["https:\/\/sosmadisoninternational.org\/fr\/chiffres-clefs\/"]}]},{"@type":"BreadcrumbList","@id":"https:\/\/sosmadisoninternational.org\/fr\/chiffres-clefs\/#breadcrumb","itemListElement":[{"@type":"ListItem","position":1,"name":"Home","item":"https:\/\/sosmadisoninternational.org\/en\/"},{"@type":"ListItem","position":2,"name":"Chiffres clefs"}]},{"@type":"WebSite","@id":"https:\/\/sosmadisoninternational.org\/fr\/#website","url":"https:\/\/sosmadisoninternational.org\/fr\/","name":"SOS Madison International","description":"","publisher":{"@id":"https:\/\/sosmadisoninternational.org\/fr\/#organization"},"potentialAction":[{"@type":"SearchAction","target":{"@type":"EntryPoint","urlTemplate":"https:\/\/sosmadisoninternational.org\/fr\/?s={search_term_string}"},"query-input":{"@type":"PropertyValueSpecification","valueRequired":true,"valueName":"search_term_string"}}],"inLanguage":"fr-FR"},{"@type":"Organization","@id":"https:\/\/sosmadisoninternational.org\/fr\/#organization","name":"SOS Madison International","url":"https:\/\/sosmadisoninternational.org\/fr\/","logo":{"@type":"ImageObject","inLanguage":"fr-FR","@id":"https:\/\/sosmadisoninternational.org\/fr\/#\/schema\/logo\/image\/","url":"https:\/\/i0.wp.com\/sosmadisoninternational.org\/wp-content\/uploads\/2022\/01\/SOS-Madison-International-Fond-transparent-2.jpeg?fit=700%2C700&ssl=1","contentUrl":"https:\/\/i0.wp.com\/sosmadisoninternational.org\/wp-content\/uploads\/2022\/01\/SOS-Madison-International-Fond-transparent-2.jpeg?fit=700%2C700&ssl=1","width":700,"height":700,"caption":"SOS Madison International"},"image":{"@id":"https:\/\/sosmadisoninternational.org\/fr\/#\/schema\/logo\/image\/"}}]}},"_links":{"self":[{"href":"https:\/\/sosmadisoninternational.org\/fr\/wp-json\/wp\/v2\/pages\/2685","targetHints":{"allow":["GET"]}}],"collection":[{"href":"https:\/\/sosmadisoninternational.org\/fr\/wp-json\/wp\/v2\/pages"}],"about":[{"href":"https:\/\/sosmadisoninternational.org\/fr\/wp-json\/wp\/v2\/types\/page"}],"author":[{"embeddable":true,"href":"https:\/\/sosmadisoninternational.org\/fr\/wp-json\/wp\/v2\/users\/3"}],"replies":[{"embeddable":true,"href":"https:\/\/sosmadisoninternational.org\/fr\/wp-json\/wp\/v2\/comments?post=2685"}],"version-history":[{"count":0,"href":"https:\/\/sosmadisoninternational.org\/fr\/wp-json\/wp\/v2\/pages\/2685\/revisions"}],"wp:attachment":[{"href":"https:\/\/sosmadisoninternational.org\/fr\/wp-json\/wp\/v2\/media?parent=2685"}],"curies":[{"name":"wp","href":"https:\/\/api.w.org\/{rel}","templated":true}]}}